{"id":795,"date":"2025-02-06T13:23:07","date_gmt":"2025-02-06T12:23:07","guid":{"rendered":"https:\/\/wordpress2402082.home.pl\/autoinstalator\/wordpressplus3\/?page_id=795"},"modified":"2026-01-15T13:09:23","modified_gmt":"2026-01-15T12:09:23","slug":"skanowanie-3d","status":"publish","type":"page","link":"https:\/\/dorabianieczesci.pl\/index.php\/skanowanie-3d\/","title":{"rendered":"Skanowanie 3D"},"content":{"rendered":"\t\t<div data-elementor-type=\"wp-page\" data-elementor-id=\"795\" class=\"elementor elementor-795\" data-elementor-post-type=\"page\">\n\t\t\t\t<div class=\"elementor-element elementor-element-2304b7a e-flex e-con-boxed e-con e-parent\" data-id=\"2304b7a\" data-element_type=\"container\" data-e-type=\"container\" data-settings=\"{&quot;background_background&quot;:&quot;classic&quot;}\">\n\t\t\t\t\t<div class=\"e-con-inner\">\n\t\t<div class=\"elementor-element elementor-element-0b38955 e-con-full e-flex e-con e-child\" data-id=\"0b38955\" data-element_type=\"container\" data-e-type=\"container\">\n\t\t\t\t<div class=\"elementor-element elementor-element-458184d elementor-widget elementor-widget-heading\" data-id=\"458184d\" data-element_type=\"widget\" data-e-type=\"widget\" data-widget_type=\"heading.default\">\n\t\t\t\t<div class=\"elementor-widget-container\">\n\t\t\t\t\t<h1 class=\"elementor-heading-title elementor-size-default\">SKANOWANIE 3D<\/h1>\t\t\t\t<\/div>\n\t\t\t\t<\/div>\n\t\t\t\t<div class=\"elementor-element elementor-element-61fd7e5 elementor-widget elementor-widget-text-editor\" data-id=\"61fd7e5\" data-element_type=\"widget\" data-e-type=\"widget\" data-widget_type=\"text-editor.default\">\n\t\t\t\t<div class=\"elementor-widget-container\">\n\t\t\t\t\t\t\t\t\t<p>Oferujemy profesjonalne us\u0142ugi skanowania 3D, kt\u00f3re pozwala na precyzyjne odwzorowanie obiekt\u00f3w w formie cyfrowej. Dzi\u0119ki nowoczesnym technologiom zapewniamy wysok\u0105 dok\u0142adno\u015b\u0107 oraz szczeg\u00f3\u0142owo\u015b\u0107 skanowanych modeli. Tworzymy cyfrowe kopie zar\u00f3wno ma\u0142ych element\u00f3w, jak i wi\u0119kszych obiekt\u00f3w.\u00a0<\/p><p>\u25cf <strong>Precyzyjne odwzorowanie detali<\/strong><br \/>\u25cf <strong>Mo\u017cliwo\u015b\u0107 edycji i obr\u00f3bki modeli 3D<\/strong><br \/>\u25cf <strong>Skanowanie obiekt\u00f3w o r\u00f3\u017cnych rozmiarach i kszta\u0142tach<\/strong><\/p><p>Chcesz zeskanowa\u0107 przedmiot lub potrzebujesz konsultacji? Skontaktuj si\u0119 z nami!<\/p>\t\t\t\t\t\t\t\t<\/div>\n\t\t\t\t<\/div>\n\t\t\t\t<\/div>\n\t\t<div class=\"elementor-element elementor-element-aa35712 e-con-full e-flex e-con e-child\" data-id=\"aa35712\" data-element_type=\"container\" data-e-type=\"container\">\n\t\t\t\t<div class=\"elementor-element elementor-element-9d2f5be elementor-widget elementor-widget-heading\" data-id=\"9d2f5be\" data-element_type=\"widget\" data-e-type=\"widget\" data-widget_type=\"heading.default\">\n\t\t\t\t<div class=\"elementor-widget-container\">\n\t\t\t\t\t<h2 class=\"elementor-heading-title elementor-size-default\">PRZYK\u0141ADOWE REALIZACJE<\/h2>\t\t\t\t<\/div>\n\t\t\t\t<\/div>\n\t\t\t\t<div class=\"elementor-element elementor-element-4be98af elementor-widget elementor-widget-gallery\" data-id=\"4be98af\" data-element_type=\"widget\" data-e-type=\"widget\" data-settings=\"{&quot;columns&quot;:3,&quot;aspect_ratio&quot;:&quot;4:3&quot;,&quot;lazyload&quot;:&quot;yes&quot;,&quot;gallery_layout&quot;:&quot;grid&quot;,&quot;columns_tablet&quot;:2,&quot;columns_mobile&quot;:1,&quot;gap&quot;:{&quot;unit&quot;:&quot;px&quot;,&quot;size&quot;:10,&quot;sizes&quot;:[]},&quot;gap_tablet&quot;:{&quot;unit&quot;:&quot;px&quot;,&quot;size&quot;:10,&quot;sizes&quot;:[]},&quot;gap_mobile&quot;:{&quot;unit&quot;:&quot;px&quot;,&quot;size&quot;:10,&quot;sizes&quot;:[]},&quot;link_to&quot;:&quot;file&quot;,&quot;overlay_background&quot;:&quot;yes&quot;,&quot;content_hover_animation&quot;:&quot;fade-in&quot;}\" data-widget_type=\"gallery.default\">\n\t\t\t\t<div class=\"elementor-widget-container\">\n\t\t\t\t\t\t\t<div class=\"elementor-gallery__container\">\n\t\t\t\t\t\t\t<a class=\"e-gallery-item elementor-gallery-item elementor-animated-content\" href=\"https:\/\/dorabianieczesci.pl\/wp-content\/uploads\/2025\/03\/Zrzut-ekranu-2024-07-08-111840.png\" data-elementor-open-lightbox=\"yes\" data-elementor-lightbox-slideshow=\"4be98af\" data-elementor-lightbox-title=\"Zrzut ekranu 2024-07-08 111840\" data-e-action-hash=\"#elementor-action%3Aaction%3Dlightbox%26settings%3DeyJpZCI6MTAyNCwidXJsIjoiaHR0cHM6XC9cL2RvcmFiaWFuaWVjemVzY2kucGxcL3dwLWNvbnRlbnRcL3VwbG9hZHNcLzIwMjVcLzAzXC9acnp1dC1la3JhbnUtMjAyNC0wNy0wOC0xMTE4NDAucG5nIiwic2xpZGVzaG93IjoiNGJlOThhZiJ9\">\n\t\t\t\t\t<div class=\"e-gallery-image elementor-gallery-item__image\" data-thumbnail=\"https:\/\/dorabianieczesci.pl\/wp-content\/uploads\/2025\/03\/Zrzut-ekranu-2024-07-08-111840.png\" data-width=\"829\" data-height=\"580\" aria-label=\"\" role=\"img\" ><\/div>\n\t\t\t\t\t\t\t\t\t\t\t<div class=\"elementor-gallery-item__overlay\"><\/div>\n\t\t\t\t\t\t\t\t\t\t\t\t\t\t<\/a>\n\t\t\t\t\t\t\t<a class=\"e-gallery-item elementor-gallery-item elementor-animated-content\" href=\"https:\/\/dorabianieczesci.pl\/wp-content\/uploads\/2025\/03\/Zrzut-ekranu-2024-04-17-094704.png\" data-elementor-open-lightbox=\"yes\" data-elementor-lightbox-slideshow=\"4be98af\" data-elementor-lightbox-title=\"Zrzut ekranu 2024-04-17 094704\" data-e-action-hash=\"#elementor-action%3Aaction%3Dlightbox%26settings%3DeyJpZCI6MTAyNSwidXJsIjoiaHR0cHM6XC9cL2RvcmFiaWFuaWVjemVzY2kucGxcL3dwLWNvbnRlbnRcL3VwbG9hZHNcLzIwMjVcLzAzXC9acnp1dC1la3JhbnUtMjAyNC0wNC0xNy0wOTQ3MDQucG5nIiwic2xpZGVzaG93IjoiNGJlOThhZiJ9\">\n\t\t\t\t\t<div class=\"e-gallery-image elementor-gallery-item__image\" data-thumbnail=\"https:\/\/dorabianieczesci.pl\/wp-content\/uploads\/2025\/03\/Zrzut-ekranu-2024-04-17-094704.png\" data-width=\"853\" data-height=\"659\" aria-label=\"\" role=\"img\" ><\/div>\n\t\t\t\t\t\t\t\t\t\t\t<div class=\"elementor-gallery-item__overlay\"><\/div>\n\t\t\t\t\t\t\t\t\t\t\t\t\t\t<\/a>\n\t\t\t\t\t\t\t<a class=\"e-gallery-item elementor-gallery-item elementor-animated-content\" href=\"https:\/\/dorabianieczesci.pl\/wp-content\/uploads\/2025\/03\/Zrzut-ekranu-2024-02-06-105341.png\" data-elementor-open-lightbox=\"yes\" data-elementor-lightbox-slideshow=\"4be98af\" data-elementor-lightbox-title=\"Zrzut ekranu 2024-02-06 105341\" data-e-action-hash=\"#elementor-action%3Aaction%3Dlightbox%26settings%3DeyJpZCI6MTAyNiwidXJsIjoiaHR0cHM6XC9cL2RvcmFiaWFuaWVjemVzY2kucGxcL3dwLWNvbnRlbnRcL3VwbG9hZHNcLzIwMjVcLzAzXC9acnp1dC1la3JhbnUtMjAyNC0wMi0wNi0xMDUzNDEucG5nIiwic2xpZGVzaG93IjoiNGJlOThhZiJ9\">\n\t\t\t\t\t<div class=\"e-gallery-image elementor-gallery-item__image\" data-thumbnail=\"https:\/\/dorabianieczesci.pl\/wp-content\/uploads\/2025\/03\/Zrzut-ekranu-2024-02-06-105341.png\" data-width=\"687\" data-height=\"584\" aria-label=\"\" role=\"img\" ><\/div>\n\t\t\t\t\t\t\t\t\t\t\t<div class=\"elementor-gallery-item__overlay\"><\/div>\n\t\t\t\t\t\t\t\t\t\t\t\t\t\t<\/a>\n\t\t\t\t\t\t\t<a class=\"e-gallery-item elementor-gallery-item elementor-animated-content\" href=\"https:\/\/dorabianieczesci.pl\/wp-content\/uploads\/2025\/03\/Zrzut-ekranu-2023-04-02-230911.png\" data-elementor-open-lightbox=\"yes\" data-elementor-lightbox-slideshow=\"4be98af\" data-elementor-lightbox-title=\"Zrzut ekranu 2023-04-02 230911\" data-e-action-hash=\"#elementor-action%3Aaction%3Dlightbox%26settings%3DeyJpZCI6MTAyNywidXJsIjoiaHR0cHM6XC9cL2RvcmFiaWFuaWVjemVzY2kucGxcL3dwLWNvbnRlbnRcL3VwbG9hZHNcLzIwMjVcLzAzXC9acnp1dC1la3JhbnUtMjAyMy0wNC0wMi0yMzA5MTEucG5nIiwic2xpZGVzaG93IjoiNGJlOThhZiJ9\">\n\t\t\t\t\t<div class=\"e-gallery-image elementor-gallery-item__image\" data-thumbnail=\"https:\/\/dorabianieczesci.pl\/wp-content\/uploads\/2025\/03\/Zrzut-ekranu-2023-04-02-230911.png\" data-width=\"949\" data-height=\"686\" aria-label=\"\" role=\"img\" ><\/div>\n\t\t\t\t\t\t\t\t\t\t\t<div class=\"elementor-gallery-item__overlay\"><\/div>\n\t\t\t\t\t\t\t\t\t\t\t\t\t\t<\/a>\n\t\t\t\t\t\t\t<a class=\"e-gallery-item elementor-gallery-item elementor-animated-content\" href=\"https:\/\/dorabianieczesci.pl\/wp-content\/uploads\/2025\/03\/Zrzut-ekranu-2023-04-02-233403-1.png\" data-elementor-open-lightbox=\"yes\" data-elementor-lightbox-slideshow=\"4be98af\" data-elementor-lightbox-title=\"Zrzut ekranu 2023-04-02 233403\" data-e-action-hash=\"#elementor-action%3Aaction%3Dlightbox%26settings%3DeyJpZCI6MTAzMCwidXJsIjoiaHR0cHM6XC9cL2RvcmFiaWFuaWVjemVzY2kucGxcL3dwLWNvbnRlbnRcL3VwbG9hZHNcLzIwMjVcLzAzXC9acnp1dC1la3JhbnUtMjAyMy0wNC0wMi0yMzM0MDMtMS5wbmciLCJzbGlkZXNob3ciOiI0YmU5OGFmIn0%3D\">\n\t\t\t\t\t<div class=\"e-gallery-image elementor-gallery-item__image\" data-thumbnail=\"https:\/\/dorabianieczesci.pl\/wp-content\/uploads\/2025\/03\/Zrzut-ekranu-2023-04-02-233403-1.png\" data-width=\"926\" data-height=\"662\" aria-label=\"\" role=\"img\" ><\/div>\n\t\t\t\t\t\t\t\t\t\t\t<div class=\"elementor-gallery-item__overlay\"><\/div>\n\t\t\t\t\t\t\t\t\t\t\t\t\t\t<\/a>\n\t\t\t\t\t\t\t<a class=\"e-gallery-item elementor-gallery-item elementor-animated-content\" href=\"https:\/\/dorabianieczesci.pl\/wp-content\/uploads\/2025\/03\/Zrzut-ekranu-2023-03-01-215118-1.jpg\" data-elementor-open-lightbox=\"yes\" data-elementor-lightbox-slideshow=\"4be98af\" data-elementor-lightbox-title=\"Zrzut ekranu 2023-03-01 215118\" data-e-action-hash=\"#elementor-action%3Aaction%3Dlightbox%26settings%3DeyJpZCI6MTAzMSwidXJsIjoiaHR0cHM6XC9cL2RvcmFiaWFuaWVjemVzY2kucGxcL3dwLWNvbnRlbnRcL3VwbG9hZHNcLzIwMjVcLzAzXC9acnp1dC1la3JhbnUtMjAyMy0wMy0wMS0yMTUxMTgtMS5qcGciLCJzbGlkZXNob3ciOiI0YmU5OGFmIn0%3D\">\n\t\t\t\t\t<div class=\"e-gallery-image elementor-gallery-item__image\" data-thumbnail=\"https:\/\/dorabianieczesci.pl\/wp-content\/uploads\/2025\/03\/Zrzut-ekranu-2023-03-01-215118-1.jpg\" data-width=\"611\" data-height=\"772\" aria-label=\"\" role=\"img\" ><\/div>\n\t\t\t\t\t\t\t\t\t\t\t<div class=\"elementor-gallery-item__overlay\"><\/div>\n\t\t\t\t\t\t\t\t\t\t\t\t\t\t<\/a>\n\t\t\t\t\t<\/div>\n\t\t\t\t\t<\/div>\n\t\t\t\t<\/div>\n\t\t\t\t<\/div>\n\t\t\t\t\t<\/div>\n\t\t\t\t<\/div>\n\t\t\t\t<\/div>\n\t\t","protected":false},"excerpt":{"rendered":"<p>SKANOWANIE 3D Oferujemy profesjonalne us\u0142ugi skanowania 3D, kt\u00f3re pozwala na precyzyjne odwzorowanie obiekt\u00f3w w formie cyfrowej. Dzi\u0119ki nowoczesnym technologiom zapewniamy wysok\u0105 dok\u0142adno\u015b\u0107 oraz szczeg\u00f3\u0142owo\u015b\u0107 skanowanych modeli. Tworzymy cyfrowe kopie zar\u00f3wno ma\u0142ych element\u00f3w, jak i wi\u0119kszych obiekt\u00f3w.\u00a0 \u25cf Precyzyjne odwzorowanie detali\u25cf Mo\u017cliwo\u015b\u0107 edycji i obr\u00f3bki modeli 3D\u25cf Skanowanie obiekt\u00f3w o r\u00f3\u017cnych rozmiarach i kszta\u0142tach Chcesz zeskanowa\u0107 [&hellip;]<\/p>\n","protected":false},"author":1,"featured_media":0,"parent":0,"menu_order":0,"comment_status":"closed","ping_status":"closed","template":"","meta":{"inline_featured_image":false,"footnotes":""},"class_list":["post-795","page","type-page","status-publish","hentry"],"yoast_head":"<!-- This site is optimized with the Yoast SEO plugin v27.4 - https:\/\/yoast.com\/product\/yoast-seo-wordpress\/ -->\n<title>Skanowanie 3D - Dorabianie Cz\u0119\u015bci<\/title>\n<meta name=\"robots\" content=\"index, follow, max-snippet:-1, max-image-preview:large, max-video-preview:-1\" \/>\n<link rel=\"canonical\" href=\"https:\/\/dorabianieczesci.pl\/index.php\/skanowanie-3d\/\" \/>\n<meta property=\"og:locale\" content=\"pl_PL\" \/>\n<meta property=\"og:type\" content=\"article\" \/>\n<meta property=\"og:title\" content=\"Skanowanie 3D - Dorabianie Cz\u0119\u015bci\" \/>\n<meta property=\"og:description\" content=\"SKANOWANIE 3D Oferujemy profesjonalne us\u0142ugi skanowania 3D, kt\u00f3re pozwala na precyzyjne odwzorowanie obiekt\u00f3w w formie cyfrowej. Dzi\u0119ki nowoczesnym technologiom zapewniamy wysok\u0105 dok\u0142adno\u015b\u0107 oraz szczeg\u00f3\u0142owo\u015b\u0107 skanowanych modeli. Tworzymy cyfrowe kopie zar\u00f3wno ma\u0142ych element\u00f3w, jak i wi\u0119kszych obiekt\u00f3w.\u00a0 \u25cf Precyzyjne odwzorowanie detali\u25cf Mo\u017cliwo\u015b\u0107 edycji i obr\u00f3bki modeli 3D\u25cf Skanowanie obiekt\u00f3w o r\u00f3\u017cnych rozmiarach i kszta\u0142tach Chcesz zeskanowa\u0107 [&hellip;]\" \/>\n<meta property=\"og:url\" content=\"https:\/\/dorabianieczesci.pl\/index.php\/skanowanie-3d\/\" \/>\n<meta property=\"og:site_name\" content=\"Dorabianie Cz\u0119\u015bci\" \/>\n<meta property=\"article:modified_time\" content=\"2026-01-15T12:09:23+00:00\" \/>\n<meta name=\"twitter:card\" content=\"summary_large_image\" \/>\n<meta name=\"twitter:label1\" content=\"Szacowany czas czytania\" \/>\n\t<meta name=\"twitter:data1\" content=\"1 minuta\" \/>\n<script type=\"application\/ld+json\" class=\"yoast-schema-graph\">{\"@context\":\"https:\\\/\\\/schema.org\",\"@graph\":[{\"@type\":\"WebPage\",\"@id\":\"https:\\\/\\\/dorabianieczesci.pl\\\/index.php\\\/skanowanie-3d\\\/\",\"url\":\"https:\\\/\\\/dorabianieczesci.pl\\\/index.php\\\/skanowanie-3d\\\/\",\"name\":\"Skanowanie 3D - Dorabianie Cz\u0119\u015bci\",\"isPartOf\":{\"@id\":\"https:\\\/\\\/dorabianieczesci.pl\\\/#website\"},\"datePublished\":\"2025-02-06T12:23:07+00:00\",\"dateModified\":\"2026-01-15T12:09:23+00:00\",\"breadcrumb\":{\"@id\":\"https:\\\/\\\/dorabianieczesci.pl\\\/index.php\\\/skanowanie-3d\\\/#breadcrumb\"},\"inLanguage\":\"pl-PL\",\"potentialAction\":[{\"@type\":\"ReadAction\",\"target\":[\"https:\\\/\\\/dorabianieczesci.pl\\\/index.php\\\/skanowanie-3d\\\/\"]}]},{\"@type\":\"BreadcrumbList\",\"@id\":\"https:\\\/\\\/dorabianieczesci.pl\\\/index.php\\\/skanowanie-3d\\\/#breadcrumb\",\"itemListElement\":[{\"@type\":\"ListItem\",\"position\":1,\"name\":\"Strona g\u0142\u00f3wna\",\"item\":\"https:\\\/\\\/dorabianieczesci.pl\\\/\"},{\"@type\":\"ListItem\",\"position\":2,\"name\":\"Skanowanie 3D\"}]},{\"@type\":\"WebSite\",\"@id\":\"https:\\\/\\\/dorabianieczesci.pl\\\/#website\",\"url\":\"https:\\\/\\\/dorabianieczesci.pl\\\/\",\"name\":\"Dorabianie Cz\u0119\u015bci\",\"description\":\"In\u017cynieria mechaniczna, Druk 3D, Dorabianie cz\u0119\u015bci\",\"publisher\":{\"@id\":\"https:\\\/\\\/dorabianieczesci.pl\\\/#organization\"},\"potentialAction\":[{\"@type\":\"SearchAction\",\"target\":{\"@type\":\"EntryPoint\",\"urlTemplate\":\"https:\\\/\\\/dorabianieczesci.pl\\\/?s={search_term_string}\"},\"query-input\":{\"@type\":\"PropertyValueSpecification\",\"valueRequired\":true,\"valueName\":\"search_term_string\"}}],\"inLanguage\":\"pl-PL\"},{\"@type\":\"Organization\",\"@id\":\"https:\\\/\\\/dorabianieczesci.pl\\\/#organization\",\"name\":\"Dorabianie Cz\u0119\u015bci\",\"url\":\"https:\\\/\\\/dorabianieczesci.pl\\\/\",\"logo\":{\"@type\":\"ImageObject\",\"inLanguage\":\"pl-PL\",\"@id\":\"https:\\\/\\\/dorabianieczesci.pl\\\/#\\\/schema\\\/logo\\\/image\\\/\",\"url\":\"https:\\\/\\\/dorabianieczesci.pl\\\/wp-content\\\/uploads\\\/2025\\\/01\\\/dorabianieczesci.pl-1-\u2014-kopia.png\",\"contentUrl\":\"https:\\\/\\\/dorabianieczesci.pl\\\/wp-content\\\/uploads\\\/2025\\\/01\\\/dorabianieczesci.pl-1-\u2014-kopia.png\",\"width\":763,\"height\":763,\"caption\":\"Dorabianie Cz\u0119\u015bci\"},\"image\":{\"@id\":\"https:\\\/\\\/dorabianieczesci.pl\\\/#\\\/schema\\\/logo\\\/image\\\/\"}}]}<\/script>\n<!-- \/ Yoast SEO plugin. -->","yoast_head_json":{"title":"Skanowanie 3D - Dorabianie Cz\u0119\u015bci","robots":{"index":"index","follow":"follow","max-snippet":"max-snippet:-1","max-image-preview":"max-image-preview:large","max-video-preview":"max-video-preview:-1"},"canonical":"https:\/\/dorabianieczesci.pl\/index.php\/skanowanie-3d\/","og_locale":"pl_PL","og_type":"article","og_title":"Skanowanie 3D - Dorabianie Cz\u0119\u015bci","og_description":"SKANOWANIE 3D Oferujemy profesjonalne us\u0142ugi skanowania 3D, kt\u00f3re pozwala na precyzyjne odwzorowanie obiekt\u00f3w w formie cyfrowej. Dzi\u0119ki nowoczesnym technologiom zapewniamy wysok\u0105 dok\u0142adno\u015b\u0107 oraz szczeg\u00f3\u0142owo\u015b\u0107 skanowanych modeli. Tworzymy cyfrowe kopie zar\u00f3wno ma\u0142ych element\u00f3w, jak i wi\u0119kszych obiekt\u00f3w.\u00a0 \u25cf Precyzyjne odwzorowanie detali\u25cf Mo\u017cliwo\u015b\u0107 edycji i obr\u00f3bki modeli 3D\u25cf Skanowanie obiekt\u00f3w o r\u00f3\u017cnych rozmiarach i kszta\u0142tach Chcesz zeskanowa\u0107 [&hellip;]","og_url":"https:\/\/dorabianieczesci.pl\/index.php\/skanowanie-3d\/","og_site_name":"Dorabianie Cz\u0119\u015bci","article_modified_time":"2026-01-15T12:09:23+00:00","twitter_card":"summary_large_image","twitter_misc":{"Szacowany czas czytania":"1 minuta"},"schema":{"@context":"https:\/\/schema.org","@graph":[{"@type":"WebPage","@id":"https:\/\/dorabianieczesci.pl\/index.php\/skanowanie-3d\/","url":"https:\/\/dorabianieczesci.pl\/index.php\/skanowanie-3d\/","name":"Skanowanie 3D - Dorabianie Cz\u0119\u015bci","isPartOf":{"@id":"https:\/\/dorabianieczesci.pl\/#website"},"datePublished":"2025-02-06T12:23:07+00:00","dateModified":"2026-01-15T12:09:23+00:00","breadcrumb":{"@id":"https:\/\/dorabianieczesci.pl\/index.php\/skanowanie-3d\/#breadcrumb"},"inLanguage":"pl-PL","potentialAction":[{"@type":"ReadAction","target":["https:\/\/dorabianieczesci.pl\/index.php\/skanowanie-3d\/"]}]},{"@type":"BreadcrumbList","@id":"https:\/\/dorabianieczesci.pl\/index.php\/skanowanie-3d\/#breadcrumb","itemListElement":[{"@type":"ListItem","position":1,"name":"Strona g\u0142\u00f3wna","item":"https:\/\/dorabianieczesci.pl\/"},{"@type":"ListItem","position":2,"name":"Skanowanie 3D"}]},{"@type":"WebSite","@id":"https:\/\/dorabianieczesci.pl\/#website","url":"https:\/\/dorabianieczesci.pl\/","name":"Dorabianie Cz\u0119\u015bci","description":"In\u017cynieria mechaniczna, Druk 3D, Dorabianie cz\u0119\u015bci","publisher":{"@id":"https:\/\/dorabianieczesci.pl\/#organization"},"potentialAction":[{"@type":"SearchAction","target":{"@type":"EntryPoint","urlTemplate":"https:\/\/dorabianieczesci.pl\/?s={search_term_string}"},"query-input":{"@type":"PropertyValueSpecification","valueRequired":true,"valueName":"search_term_string"}}],"inLanguage":"pl-PL"},{"@type":"Organization","@id":"https:\/\/dorabianieczesci.pl\/#organization","name":"Dorabianie Cz\u0119\u015bci","url":"https:\/\/dorabianieczesci.pl\/","logo":{"@type":"ImageObject","inLanguage":"pl-PL","@id":"https:\/\/dorabianieczesci.pl\/#\/schema\/logo\/image\/","url":"https:\/\/dorabianieczesci.pl\/wp-content\/uploads\/2025\/01\/dorabianieczesci.pl-1-\u2014-kopia.png","contentUrl":"https:\/\/dorabianieczesci.pl\/wp-content\/uploads\/2025\/01\/dorabianieczesci.pl-1-\u2014-kopia.png","width":763,"height":763,"caption":"Dorabianie Cz\u0119\u015bci"},"image":{"@id":"https:\/\/dorabianieczesci.pl\/#\/schema\/logo\/image\/"}}]}},"_links":{"self":[{"href":"https:\/\/dorabianieczesci.pl\/index.php\/wp-json\/wp\/v2\/pages\/795","targetHints":{"allow":["GET"]}}],"collection":[{"href":"https:\/\/dorabianieczesci.pl\/index.php\/wp-json\/wp\/v2\/pages"}],"about":[{"href":"https:\/\/dorabianieczesci.pl\/index.php\/wp-json\/wp\/v2\/types\/page"}],"author":[{"embeddable":true,"href":"https:\/\/dorabianieczesci.pl\/index.php\/wp-json\/wp\/v2\/users\/1"}],"replies":[{"embeddable":true,"href":"https:\/\/dorabianieczesci.pl\/index.php\/wp-json\/wp\/v2\/comments?post=795"}],"version-history":[{"count":19,"href":"https:\/\/dorabianieczesci.pl\/index.php\/wp-json\/wp\/v2\/pages\/795\/revisions"}],"predecessor-version":[{"id":1373,"href":"https:\/\/dorabianieczesci.pl\/index.php\/wp-json\/wp\/v2\/pages\/795\/revisions\/1373"}],"wp:attachment":[{"href":"https:\/\/dorabianieczesci.pl\/index.php\/wp-json\/wp\/v2\/media?parent=795"}],"curies":[{"name":"wp","href":"https:\/\/api.w.org\/{rel}","templated":true}]}}