{"id":18,"date":"2025-01-28T10:14:41","date_gmt":"2025-01-28T09:14:41","guid":{"rendered":"https:\/\/wordpress2402082.home.pl\/autoinstalator\/wordpressplus3\/?page_id=18"},"modified":"2025-01-31T21:48:01","modified_gmt":"2025-01-31T20:48:01","slug":"uslugi","status":"publish","type":"page","link":"https:\/\/dorabianieczesci.pl\/index.php\/uslugi\/","title":{"rendered":"Us\u0142ugi"},"content":{"rendered":"\t\t<div data-elementor-type=\"wp-page\" data-elementor-id=\"18\" class=\"elementor elementor-18\" data-elementor-post-type=\"page\">\n\t\t\t\t<div class=\"elementor-element elementor-element-4ca61ca e-flex e-con-boxed e-con e-parent\" data-id=\"4ca61ca\" data-element_type=\"container\" data-e-type=\"container\" data-settings=\"{&quot;background_background&quot;:&quot;classic&quot;}\">\n\t\t\t\t\t<div class=\"e-con-inner\">\n\t\t<div class=\"elementor-element elementor-element-7f521e6 e-con-full e-flex e-con e-child\" data-id=\"7f521e6\" data-element_type=\"container\" data-e-type=\"container\">\n\t\t\t\t<div class=\"elementor-element elementor-element-7111ce8 elementor-widget elementor-widget-heading\" data-id=\"7111ce8\" data-element_type=\"widget\" data-e-type=\"widget\" data-widget_type=\"heading.default\">\n\t\t\t\t<div class=\"elementor-widget-container\">\n\t\t\t\t\t<h2 class=\"elementor-heading-title elementor-size-default\">NASZE US\u0141UGI<\/h2>\t\t\t\t<\/div>\n\t\t\t\t<\/div>\n\t\t\t\t<div class=\"elementor-element elementor-element-9aafc12 elementor-widget elementor-widget-text-editor\" data-id=\"9aafc12\" data-element_type=\"widget\" data-e-type=\"widget\" data-widget_type=\"text-editor.default\">\n\t\t\t\t<div class=\"elementor-widget-container\">\n\t\t\t\t\t\t\t\t\t<p>Je\u015bli zastanawiasz si\u0119, czy Twoje zapytanie pasuje do naszych us\u0142ug, zapraszamy do kontaktu!<\/p>\t\t\t\t\t\t\t\t<\/div>\n\t\t\t\t<\/div>\n\t\t\t\t<\/div>\n\t\t<div class=\"elementor-element elementor-element-cdc2144 e-con-full e-flex e-con e-child\" data-id=\"cdc2144\" data-element_type=\"container\" data-e-type=\"container\">\n\t\t<div class=\"elementor-element elementor-element-04c1bca e-con-full e-flex e-con e-child\" data-id=\"04c1bca\" data-element_type=\"container\" data-e-type=\"container\" data-settings=\"{&quot;background_background&quot;:&quot;classic&quot;}\">\n\t\t\t\t<div class=\"elementor-element elementor-element-77480d7 elementor-widget elementor-widget-heading\" data-id=\"77480d7\" data-element_type=\"widget\" data-e-type=\"widget\" data-widget_type=\"heading.default\">\n\t\t\t\t<div class=\"elementor-widget-container\">\n\t\t\t\t\t<h4 class=\"elementor-heading-title elementor-size-default\">Projektowanie pojedynczych element\u00f3w<\/h4>\t\t\t\t<\/div>\n\t\t\t\t<\/div>\n\t\t\t\t<div class=\"elementor-element elementor-element-5607ca4 elementor-widget elementor-widget-text-editor\" data-id=\"5607ca4\" data-element_type=\"widget\" data-e-type=\"widget\" data-widget_type=\"text-editor.default\">\n\t\t\t\t<div class=\"elementor-widget-container\">\n\t\t\t\t\t\t\t\t\t<p>Cz\u0119\u015bci maszyn i urz\u0105dze\u0144, elementy do druku 3D<\/p>\t\t\t\t\t\t\t\t<\/div>\n\t\t\t\t<\/div>\n\t\t\t\t<\/div>\n\t\t<div class=\"elementor-element elementor-element-543a4ce e-con-full e-flex e-con e-child\" data-id=\"543a4ce\" data-element_type=\"container\" data-e-type=\"container\" data-settings=\"{&quot;background_background&quot;:&quot;classic&quot;}\">\n\t\t\t\t<div class=\"elementor-element elementor-element-cdb73d9 elementor-widget elementor-widget-heading\" data-id=\"cdb73d9\" data-element_type=\"widget\" data-e-type=\"widget\" data-widget_type=\"heading.default\">\n\t\t\t\t<div class=\"elementor-widget-container\">\n\t\t\t\t\t<h4 class=\"elementor-heading-title elementor-size-default\">Projektowanie maszyn i urz\u0105dze\u0144<\/h4>\t\t\t\t<\/div>\n\t\t\t\t<\/div>\n\t\t\t\t<div class=\"elementor-element elementor-element-2cc19b6 elementor-widget elementor-widget-text-editor\" data-id=\"2cc19b6\" data-element_type=\"widget\" data-e-type=\"widget\" data-widget_type=\"text-editor.default\">\n\t\t\t\t<div class=\"elementor-widget-container\">\n\t\t\t\t\t\t\t\t\t<p>Wieloelementowe urz\u0105dzenia, maszyny oraz konstrukcje<\/p>\t\t\t\t\t\t\t\t<\/div>\n\t\t\t\t<\/div>\n\t\t\t\t<\/div>\n\t\t<div class=\"elementor-element elementor-element-a006a88 e-con-full e-flex e-con e-child\" data-id=\"a006a88\" data-element_type=\"container\" data-e-type=\"container\" data-settings=\"{&quot;background_background&quot;:&quot;classic&quot;}\">\n\t\t\t\t<div class=\"elementor-element elementor-element-bb80906 elementor-widget elementor-widget-heading\" data-id=\"bb80906\" data-element_type=\"widget\" data-e-type=\"widget\" data-widget_type=\"heading.default\">\n\t\t\t\t<div class=\"elementor-widget-container\">\n\t\t\t\t\t<h4 class=\"elementor-heading-title elementor-size-default\">Projektowanie element\u00f3w blaszanych<\/h4>\t\t\t\t<\/div>\n\t\t\t\t<\/div>\n\t\t\t\t<div class=\"elementor-element elementor-element-2a2b3c6 elementor-widget elementor-widget-text-editor\" data-id=\"2a2b3c6\" data-element_type=\"widget\" data-e-type=\"widget\" data-widget_type=\"text-editor.default\">\n\t\t\t\t<div class=\"elementor-widget-container\">\n\t\t\t\t\t\t\t\t\t<p>Konstrukcje blachowe, pojedyncze blachy p\u0142askie oraz gi\u0119te, wycinane laserowo<\/p>\t\t\t\t\t\t\t\t<\/div>\n\t\t\t\t<\/div>\n\t\t\t\t<\/div>\n\t\t<div class=\"elementor-element elementor-element-3ca65b5 e-con-full e-flex e-con e-child\" data-id=\"3ca65b5\" data-element_type=\"container\" data-e-type=\"container\" data-settings=\"{&quot;background_background&quot;:&quot;classic&quot;}\">\n\t\t\t\t<div class=\"elementor-element elementor-element-f5a70dc elementor-widget elementor-widget-heading\" data-id=\"f5a70dc\" data-element_type=\"widget\" data-e-type=\"widget\" data-widget_type=\"heading.default\">\n\t\t\t\t<div class=\"elementor-widget-container\">\n\t\t\t\t\t<h4 class=\"elementor-heading-title elementor-size-default\">Projektowanie konstrukcji stalowych<\/h4>\t\t\t\t<\/div>\n\t\t\t\t<\/div>\n\t\t\t\t<div class=\"elementor-element elementor-element-2d4805c elementor-widget elementor-widget-text-editor\" data-id=\"2d4805c\" data-element_type=\"widget\" data-e-type=\"widget\" data-widget_type=\"text-editor.default\">\n\t\t\t\t<div class=\"elementor-widget-container\">\n\t\t\t\t\t\t\t\t\t<p>Konstrukcje stalowe, platformy, rusztowania, du\u017ce oraz ma\u0142e elementy spawane<\/p>\t\t\t\t\t\t\t\t<\/div>\n\t\t\t\t<\/div>\n\t\t\t\t<\/div>\n\t\t<div class=\"elementor-element elementor-element-d6742e1 e-con-full e-flex e-con e-child\" data-id=\"d6742e1\" data-element_type=\"container\" data-e-type=\"container\" data-settings=\"{&quot;background_background&quot;:&quot;classic&quot;}\">\n\t\t\t\t<div class=\"elementor-element elementor-element-24a131b elementor-widget elementor-widget-heading\" data-id=\"24a131b\" data-element_type=\"widget\" data-e-type=\"widget\" data-widget_type=\"heading.default\">\n\t\t\t\t<div class=\"elementor-widget-container\">\n\t\t\t\t\t<h4 class=\"elementor-heading-title elementor-size-default\">Skanowanie 3D oraz Druk 3D<\/h4>\t\t\t\t<\/div>\n\t\t\t\t<\/div>\n\t\t\t\t<div class=\"elementor-element elementor-element-6c1f9d3 elementor-widget elementor-widget-text-editor\" data-id=\"6c1f9d3\" data-element_type=\"widget\" data-e-type=\"widget\" data-widget_type=\"text-editor.default\">\n\t\t\t\t<div class=\"elementor-widget-container\">\n\t\t\t\t\t\t\t\t\t<p>Skanowanie 3D fizycznych element\u00f3w oraz konstrukcji, Druk 3D ma\u0142oseryjny<\/p>\t\t\t\t\t\t\t\t<\/div>\n\t\t\t\t<\/div>\n\t\t\t\t<\/div>\n\t\t<div class=\"elementor-element elementor-element-3b1356e e-con-full e-flex e-con e-child\" data-id=\"3b1356e\" data-element_type=\"container\" data-e-type=\"container\" data-settings=\"{&quot;background_background&quot;:&quot;classic&quot;}\">\n\t\t\t\t<div class=\"elementor-element elementor-element-b1c83bc elementor-widget elementor-widget-heading\" data-id=\"b1c83bc\" data-element_type=\"widget\" data-e-type=\"widget\" data-widget_type=\"heading.default\">\n\t\t\t\t<div class=\"elementor-widget-container\">\n\t\t\t\t\t<h4 class=\"elementor-heading-title elementor-size-default\">Dokumentacja techniczna\n<\/h4>\t\t\t\t<\/div>\n\t\t\t\t<\/div>\n\t\t\t\t<div class=\"elementor-element elementor-element-ba3db06 elementor-widget elementor-widget-text-editor\" data-id=\"ba3db06\" data-element_type=\"widget\" data-e-type=\"widget\" data-widget_type=\"text-editor.default\">\n\t\t\t\t<div class=\"elementor-widget-container\">\n\t\t\t\t\t\t\t\t\t<p>Dokumentacja 2D tworzonych projekt\u00f3w, edycja rysunk\u00f3w.<\/p>\t\t\t\t\t\t\t\t<\/div>\n\t\t\t\t<\/div>\n\t\t\t\t<\/div>\n\t\t<div class=\"elementor-element elementor-element-faf0e5e e-con-full e-flex e-con e-child\" data-id=\"faf0e5e\" data-element_type=\"container\" data-e-type=\"container\" data-settings=\"{&quot;background_background&quot;:&quot;classic&quot;}\">\n\t\t\t\t<div class=\"elementor-element elementor-element-4354ac0 elementor-widget elementor-widget-heading\" data-id=\"4354ac0\" data-element_type=\"widget\" data-e-type=\"widget\" data-widget_type=\"heading.default\">\n\t\t\t\t<div class=\"elementor-widget-container\">\n\t\t\t\t\t<h4 class=\"elementor-heading-title elementor-size-default\">Rozwi\u0105zania konstrukcyjne<\/h4>\t\t\t\t<\/div>\n\t\t\t\t<\/div>\n\t\t\t\t<div class=\"elementor-element elementor-element-3585bb1 elementor-widget elementor-widget-text-editor\" data-id=\"3585bb1\" data-element_type=\"widget\" data-e-type=\"widget\" data-widget_type=\"text-editor.default\">\n\t\t\t\t<div class=\"elementor-widget-container\">\n\t\t\t\t\t\t\t\t\t<p>Rozwi\u0105zywanie skomplikowanych problem\u00f3w konstrukcyjnych<\/p>\t\t\t\t\t\t\t\t<\/div>\n\t\t\t\t<\/div>\n\t\t\t\t<\/div>\n\t\t<div class=\"elementor-element elementor-element-5b4af25 e-con-full e-flex e-con e-child\" data-id=\"5b4af25\" data-element_type=\"container\" data-e-type=\"container\" data-settings=\"{&quot;background_background&quot;:&quot;classic&quot;}\">\n\t\t\t\t<div class=\"elementor-element elementor-element-1e52dce elementor-widget elementor-widget-heading\" data-id=\"1e52dce\" data-element_type=\"widget\" data-e-type=\"widget\" data-widget_type=\"heading.default\">\n\t\t\t\t<div class=\"elementor-widget-container\">\n\t\t\t\t\t<h4 class=\"elementor-heading-title elementor-size-default\">Wizualizacje<\/h4>\t\t\t\t<\/div>\n\t\t\t\t<\/div>\n\t\t\t\t<div class=\"elementor-element elementor-element-d947673 elementor-widget elementor-widget-text-editor\" data-id=\"d947673\" data-element_type=\"widget\" data-e-type=\"widget\" data-widget_type=\"text-editor.default\">\n\t\t\t\t<div class=\"elementor-widget-container\">\n\t\t\t\t\t\t\t\t\t<p>Zdj\u0119cia wysokiej jako\u015bci oraz animacje ruchome cz\u0119\u015bci i z\u0142o\u017ce\u0144<\/p>\t\t\t\t\t\t\t\t<\/div>\n\t\t\t\t<\/div>\n\t\t\t\t<\/div>\n\t\t\t\t<\/div>\n\t\t\t\t\t<\/div>\n\t\t\t\t<\/div>\n\t\t<div class=\"elementor-element elementor-element-42b3af2 e-flex e-con-boxed e-con e-parent\" data-id=\"42b3af2\" data-element_type=\"container\" data-e-type=\"container\" data-settings=\"{&quot;background_background&quot;:&quot;classic&quot;}\">\n\t\t\t\t\t<div class=\"e-con-inner\">\n\t\t<div class=\"elementor-element elementor-element-0d455fb e-con-full e-flex e-con e-child\" data-id=\"0d455fb\" data-element_type=\"container\" data-e-type=\"container\">\n\t\t\t\t<div class=\"elementor-element elementor-element-5a544e2 elementor-widget elementor-widget-heading\" data-id=\"5a544e2\" data-element_type=\"widget\" data-e-type=\"widget\" data-widget_type=\"heading.default\">\n\t\t\t\t<div class=\"elementor-widget-container\">\n\t\t\t\t\t<h2 class=\"elementor-heading-title elementor-size-default\">DLACZEGO KLIENCI NAS WYBIERAJ\u0104?<\/h2>\t\t\t\t<\/div>\n\t\t\t\t<\/div>\n\t\t\t\t<div class=\"elementor-element elementor-element-09c5f6b elementor-widget elementor-widget-text-editor\" data-id=\"09c5f6b\" data-element_type=\"widget\" data-e-type=\"widget\" data-widget_type=\"text-editor.default\">\n\t\t\t\t<div class=\"elementor-widget-container\">\n\t\t\t\t\t\t\t\t\t<p>Ka\u017cdego dnia nasi klienci otrzymuj\u0105 swoje projekty zadowoleni.<\/p>\t\t\t\t\t\t\t\t<\/div>\n\t\t\t\t<\/div>\n\t\t\t\t<\/div>\n\t\t<div class=\"elementor-element elementor-element-e6606d6 e-con-full e-flex e-con e-child\" data-id=\"e6606d6\" data-element_type=\"container\" data-e-type=\"container\">\n\t\t\t\t<div class=\"elementor-element elementor-element-c4edde5 ekit-equal-height-enable elementor-widget elementor-widget-elementskit-icon-box\" data-id=\"c4edde5\" data-element_type=\"widget\" data-e-type=\"widget\" data-widget_type=\"elementskit-icon-box.default\">\n\t\t\t\t<div class=\"elementor-widget-container\">\n\t\t\t\t\t<div class=\"ekit-wid-con\" >        <!-- link opening -->\n                <a href=\"#\" class=\"ekit_global_links\">\n                <!-- end link opening -->\n\n        <div class=\"elementskit-infobox text-left text-left icon-lef-right-aligin elementor-animation- media  \">\n                    <div class=\"elementskit-box-header elementor-animation-\">\n                <div class=\"elementskit-info-box-icon  text-center\">\n                    <i aria-hidden=\"true\" class=\"elementkit-infobox-icon icon icon-clock11\"><\/i>\n                <\/div>\n          <\/div>\n                        <div class=\"box-body\">\n                            <h3 class=\"elementskit-info-box-title\">\n                    Wycena przed projektem                <\/h3>\n                        \t\t  \t<p>Sporz\u0105dzamy ca\u0142kowit\u0105 wycen\u0119 przed przyj\u0119ciem projektu, co oznacza \u017ce nie zmieni si\u0119 ona w trakcie realizacji<\/p>\n                                <\/div>\n        \n        \n                <\/div>\n                <\/a>\n        <\/div>\t\t\t\t<\/div>\n\t\t\t\t<\/div>\n\t\t\t\t<div class=\"elementor-element elementor-element-9f90c57 ekit-equal-height-enable elementor-widget elementor-widget-elementskit-icon-box\" data-id=\"9f90c57\" data-element_type=\"widget\" data-e-type=\"widget\" data-widget_type=\"elementskit-icon-box.default\">\n\t\t\t\t<div class=\"elementor-widget-container\">\n\t\t\t\t\t<div class=\"ekit-wid-con\" >        <!-- link opening -->\n                <a href=\"#\" class=\"ekit_global_links\">\n                <!-- end link opening -->\n\n        <div class=\"elementskit-infobox text-left text-left icon-lef-right-aligin elementor-animation- media  \">\n                    <div class=\"elementskit-box-header elementor-animation-\">\n                <div class=\"elementskit-info-box-icon  text-center\">\n                    <i aria-hidden=\"true\" class=\"elementkit-infobox-icon icon icon-agenda\"><\/i>\n                <\/div>\n          <\/div>\n                        <div class=\"box-body\">\n                            <h3 class=\"elementskit-info-box-title\">\n                    Najwy\u017csza staranno\u015b\u0107                <\/h3>\n                        \t\t  \t<p>Jeste\u015bmy profesjonalistami, wi\u0119c wykonujemy projekty r\u00f3wnie\u017c profesjonalnie. U nas jako\u015b\u0107 liczy si\u0119 na pierwszym miejscu.<\/p>\n                                <\/div>\n        \n        \n                <\/div>\n                <\/a>\n        <\/div>\t\t\t\t<\/div>\n\t\t\t\t<\/div>\n\t\t\t\t<\/div>\n\t\t<div class=\"elementor-element elementor-element-4107d63 e-con-full e-flex e-con e-child\" data-id=\"4107d63\" data-element_type=\"container\" data-e-type=\"container\">\n\t\t\t\t<div class=\"elementor-element elementor-element-c99fc42 ekit-equal-height-enable elementor-widget elementor-widget-elementskit-icon-box\" data-id=\"c99fc42\" data-element_type=\"widget\" data-e-type=\"widget\" data-widget_type=\"elementskit-icon-box.default\">\n\t\t\t\t<div class=\"elementor-widget-container\">\n\t\t\t\t\t<div class=\"ekit-wid-con\" >        <!-- link opening -->\n                <a href=\"#\" class=\"ekit_global_links\">\n                <!-- end link opening -->\n\n        <div class=\"elementskit-infobox text-left text-left icon-lef-right-aligin elementor-animation- media  \">\n                    <div class=\"elementskit-box-header elementor-animation-\">\n                <div class=\"elementskit-info-box-icon  text-center\">\n                    <i aria-hidden=\"true\" class=\"elementkit-infobox-icon icon icon-pencil_art\"><\/i>\n                <\/div>\n          <\/div>\n                        <div class=\"box-body\">\n                            <h3 class=\"elementskit-info-box-title\">\n                     Wsparcie po wykonaniu                <\/h3>\n                        \t\t  \t<p>Zawsze w cenie oferujemy wsparcie po wykonaniu projektu oraz mo\u017cliwo\u015b\u0107 wykonania drobnych poprawek<\/p>\n                                <\/div>\n        \n        \n                <\/div>\n                <\/a>\n        <\/div>\t\t\t\t<\/div>\n\t\t\t\t<\/div>\n\t\t\t\t<div class=\"elementor-element elementor-element-3023ef7 ekit-equal-height-enable elementor-widget elementor-widget-elementskit-icon-box\" data-id=\"3023ef7\" data-element_type=\"widget\" data-e-type=\"widget\" data-widget_type=\"elementskit-icon-box.default\">\n\t\t\t\t<div class=\"elementor-widget-container\">\n\t\t\t\t\t<div class=\"ekit-wid-con\" >        <!-- link opening -->\n                <a href=\"#\" class=\"ekit_global_links\">\n                <!-- end link opening -->\n\n        <div class=\"elementskit-infobox text-left text-left icon-lef-right-aligin elementor-animation- media  \">\n                    <div class=\"elementskit-box-header elementor-animation-\">\n                <div class=\"elementskit-info-box-icon  text-center\">\n                    <i aria-hidden=\"true\" class=\"elementkit-infobox-icon icon icon-idea_generate\"><\/i>\n                <\/div>\n          <\/div>\n                        <div class=\"box-body\">\n                            <h3 class=\"elementskit-info-box-title\">\n                    Szybko\u015b\u0107 realizacji                <\/h3>\n                        \t\t  \t<p>Zaczynamy prac\u0119 nad projektem niezw\u0142ocznie po otrzymaniu wszystkich informacji. \u015aredni czas wykonania wynosi kilka dni.<\/p>\n                                <\/div>\n        \n        \n                <\/div>\n                <\/a>\n        <\/div>\t\t\t\t<\/div>\n\t\t\t\t<\/div>\n\t\t\t\t<\/div>\n\t\t\t\t\t<\/div>\n\t\t\t\t<\/div>\n\t\t\t\t<\/div>\n\t\t","protected":false},"excerpt":{"rendered":"<p>NASZE US\u0141UGI Je\u015bli zastanawiasz si\u0119, czy Twoje zapytanie pasuje do naszych us\u0142ug, zapraszamy do kontaktu! Projektowanie pojedynczych element\u00f3w Cz\u0119\u015bci maszyn i urz\u0105dze\u0144, elementy do druku 3D Projektowanie maszyn i urz\u0105dze\u0144 Wieloelementowe urz\u0105dzenia, maszyny oraz konstrukcje Projektowanie element\u00f3w blaszanych Konstrukcje blachowe, pojedyncze blachy p\u0142askie oraz gi\u0119te, wycinane laserowo Projektowanie konstrukcji stalowych Konstrukcje stalowe, platformy, rusztowania, du\u017ce [&hellip;]<\/p>\n","protected":false},"author":1,"featured_media":0,"parent":0,"menu_order":0,"comment_status":"closed","ping_status":"closed","template":"","meta":{"inline_featured_image":false,"footnotes":""},"class_list":["post-18","page","type-page","status-publish","hentry"],"yoast_head":"<!-- This site is optimized with the Yoast SEO plugin v27.5 - https:\/\/yoast.com\/product\/yoast-seo-wordpress\/ -->\n<title>Us\u0142ugi - Dorabianie Cz\u0119\u015bci<\/title>\n<meta name=\"robots\" content=\"index, follow, max-snippet:-1, max-image-preview:large, max-video-preview:-1\" \/>\n<link rel=\"canonical\" href=\"https:\/\/dorabianieczesci.pl\/index.php\/uslugi\/\" \/>\n<meta property=\"og:locale\" content=\"pl_PL\" \/>\n<meta property=\"og:type\" content=\"article\" \/>\n<meta property=\"og:title\" content=\"Us\u0142ugi - Dorabianie Cz\u0119\u015bci\" \/>\n<meta property=\"og:description\" content=\"NASZE US\u0141UGI Je\u015bli zastanawiasz si\u0119, czy Twoje zapytanie pasuje do naszych us\u0142ug, zapraszamy do kontaktu! Projektowanie pojedynczych element\u00f3w Cz\u0119\u015bci maszyn i urz\u0105dze\u0144, elementy do druku 3D Projektowanie maszyn i urz\u0105dze\u0144 Wieloelementowe urz\u0105dzenia, maszyny oraz konstrukcje Projektowanie element\u00f3w blaszanych Konstrukcje blachowe, pojedyncze blachy p\u0142askie oraz gi\u0119te, wycinane laserowo Projektowanie konstrukcji stalowych Konstrukcje stalowe, platformy, rusztowania, du\u017ce [&hellip;]\" \/>\n<meta property=\"og:url\" content=\"https:\/\/dorabianieczesci.pl\/index.php\/uslugi\/\" \/>\n<meta property=\"og:site_name\" content=\"Dorabianie Cz\u0119\u015bci\" \/>\n<meta property=\"article:modified_time\" content=\"2025-01-31T20:48:01+00:00\" \/>\n<meta name=\"twitter:card\" content=\"summary_large_image\" \/>\n<script type=\"application\/ld+json\" class=\"yoast-schema-graph\">{\"@context\":\"https:\\\/\\\/schema.org\",\"@graph\":[{\"@type\":\"WebPage\",\"@id\":\"https:\\\/\\\/dorabianieczesci.pl\\\/index.php\\\/uslugi\\\/\",\"url\":\"https:\\\/\\\/dorabianieczesci.pl\\\/index.php\\\/uslugi\\\/\",\"name\":\"Us\u0142ugi - Dorabianie Cz\u0119\u015bci\",\"isPartOf\":{\"@id\":\"https:\\\/\\\/dorabianieczesci.pl\\\/#website\"},\"datePublished\":\"2025-01-28T09:14:41+00:00\",\"dateModified\":\"2025-01-31T20:48:01+00:00\",\"breadcrumb\":{\"@id\":\"https:\\\/\\\/dorabianieczesci.pl\\\/index.php\\\/uslugi\\\/#breadcrumb\"},\"inLanguage\":\"pl-PL\",\"potentialAction\":[{\"@type\":\"ReadAction\",\"target\":[\"https:\\\/\\\/dorabianieczesci.pl\\\/index.php\\\/uslugi\\\/\"]}]},{\"@type\":\"BreadcrumbList\",\"@id\":\"https:\\\/\\\/dorabianieczesci.pl\\\/index.php\\\/uslugi\\\/#breadcrumb\",\"itemListElement\":[{\"@type\":\"ListItem\",\"position\":1,\"name\":\"Strona g\u0142\u00f3wna\",\"item\":\"https:\\\/\\\/dorabianieczesci.pl\\\/\"},{\"@type\":\"ListItem\",\"position\":2,\"name\":\"Us\u0142ugi\"}]},{\"@type\":\"WebSite\",\"@id\":\"https:\\\/\\\/dorabianieczesci.pl\\\/#website\",\"url\":\"https:\\\/\\\/dorabianieczesci.pl\\\/\",\"name\":\"Dorabianie Cz\u0119\u015bci\",\"description\":\"In\u017cynieria mechaniczna, Druk 3D, Dorabianie cz\u0119\u015bci\",\"publisher\":{\"@id\":\"https:\\\/\\\/dorabianieczesci.pl\\\/#organization\"},\"potentialAction\":[{\"@type\":\"SearchAction\",\"target\":{\"@type\":\"EntryPoint\",\"urlTemplate\":\"https:\\\/\\\/dorabianieczesci.pl\\\/?s={search_term_string}\"},\"query-input\":{\"@type\":\"PropertyValueSpecification\",\"valueRequired\":true,\"valueName\":\"search_term_string\"}}],\"inLanguage\":\"pl-PL\"},{\"@type\":\"Organization\",\"@id\":\"https:\\\/\\\/dorabianieczesci.pl\\\/#organization\",\"name\":\"Dorabianie Cz\u0119\u015bci\",\"url\":\"https:\\\/\\\/dorabianieczesci.pl\\\/\",\"logo\":{\"@type\":\"ImageObject\",\"inLanguage\":\"pl-PL\",\"@id\":\"https:\\\/\\\/dorabianieczesci.pl\\\/#\\\/schema\\\/logo\\\/image\\\/\",\"url\":\"https:\\\/\\\/dorabianieczesci.pl\\\/wp-content\\\/uploads\\\/2025\\\/01\\\/dorabianieczesci.pl-1-\u2014-kopia.png\",\"contentUrl\":\"https:\\\/\\\/dorabianieczesci.pl\\\/wp-content\\\/uploads\\\/2025\\\/01\\\/dorabianieczesci.pl-1-\u2014-kopia.png\",\"width\":763,\"height\":763,\"caption\":\"Dorabianie Cz\u0119\u015bci\"},\"image\":{\"@id\":\"https:\\\/\\\/dorabianieczesci.pl\\\/#\\\/schema\\\/logo\\\/image\\\/\"}}]}<\/script>\n<!-- \/ Yoast SEO plugin. -->","yoast_head_json":{"title":"Us\u0142ugi - Dorabianie Cz\u0119\u015bci","robots":{"index":"index","follow":"follow","max-snippet":"max-snippet:-1","max-image-preview":"max-image-preview:large","max-video-preview":"max-video-preview:-1"},"canonical":"https:\/\/dorabianieczesci.pl\/index.php\/uslugi\/","og_locale":"pl_PL","og_type":"article","og_title":"Us\u0142ugi - Dorabianie Cz\u0119\u015bci","og_description":"NASZE US\u0141UGI Je\u015bli zastanawiasz si\u0119, czy Twoje zapytanie pasuje do naszych us\u0142ug, zapraszamy do kontaktu! Projektowanie pojedynczych element\u00f3w Cz\u0119\u015bci maszyn i urz\u0105dze\u0144, elementy do druku 3D Projektowanie maszyn i urz\u0105dze\u0144 Wieloelementowe urz\u0105dzenia, maszyny oraz konstrukcje Projektowanie element\u00f3w blaszanych Konstrukcje blachowe, pojedyncze blachy p\u0142askie oraz gi\u0119te, wycinane laserowo Projektowanie konstrukcji stalowych Konstrukcje stalowe, platformy, rusztowania, du\u017ce [&hellip;]","og_url":"https:\/\/dorabianieczesci.pl\/index.php\/uslugi\/","og_site_name":"Dorabianie Cz\u0119\u015bci","article_modified_time":"2025-01-31T20:48:01+00:00","twitter_card":"summary_large_image","schema":{"@context":"https:\/\/schema.org","@graph":[{"@type":"WebPage","@id":"https:\/\/dorabianieczesci.pl\/index.php\/uslugi\/","url":"https:\/\/dorabianieczesci.pl\/index.php\/uslugi\/","name":"Us\u0142ugi - Dorabianie Cz\u0119\u015bci","isPartOf":{"@id":"https:\/\/dorabianieczesci.pl\/#website"},"datePublished":"2025-01-28T09:14:41+00:00","dateModified":"2025-01-31T20:48:01+00:00","breadcrumb":{"@id":"https:\/\/dorabianieczesci.pl\/index.php\/uslugi\/#breadcrumb"},"inLanguage":"pl-PL","potentialAction":[{"@type":"ReadAction","target":["https:\/\/dorabianieczesci.pl\/index.php\/uslugi\/"]}]},{"@type":"BreadcrumbList","@id":"https:\/\/dorabianieczesci.pl\/index.php\/uslugi\/#breadcrumb","itemListElement":[{"@type":"ListItem","position":1,"name":"Strona g\u0142\u00f3wna","item":"https:\/\/dorabianieczesci.pl\/"},{"@type":"ListItem","position":2,"name":"Us\u0142ugi"}]},{"@type":"WebSite","@id":"https:\/\/dorabianieczesci.pl\/#website","url":"https:\/\/dorabianieczesci.pl\/","name":"Dorabianie Cz\u0119\u015bci","description":"In\u017cynieria mechaniczna, Druk 3D, Dorabianie cz\u0119\u015bci","publisher":{"@id":"https:\/\/dorabianieczesci.pl\/#organization"},"potentialAction":[{"@type":"SearchAction","target":{"@type":"EntryPoint","urlTemplate":"https:\/\/dorabianieczesci.pl\/?s={search_term_string}"},"query-input":{"@type":"PropertyValueSpecification","valueRequired":true,"valueName":"search_term_string"}}],"inLanguage":"pl-PL"},{"@type":"Organization","@id":"https:\/\/dorabianieczesci.pl\/#organization","name":"Dorabianie Cz\u0119\u015bci","url":"https:\/\/dorabianieczesci.pl\/","logo":{"@type":"ImageObject","inLanguage":"pl-PL","@id":"https:\/\/dorabianieczesci.pl\/#\/schema\/logo\/image\/","url":"https:\/\/dorabianieczesci.pl\/wp-content\/uploads\/2025\/01\/dorabianieczesci.pl-1-\u2014-kopia.png","contentUrl":"https:\/\/dorabianieczesci.pl\/wp-content\/uploads\/2025\/01\/dorabianieczesci.pl-1-\u2014-kopia.png","width":763,"height":763,"caption":"Dorabianie Cz\u0119\u015bci"},"image":{"@id":"https:\/\/dorabianieczesci.pl\/#\/schema\/logo\/image\/"}}]}},"_links":{"self":[{"href":"https:\/\/dorabianieczesci.pl\/index.php\/wp-json\/wp\/v2\/pages\/18","targetHints":{"allow":["GET"]}}],"collection":[{"href":"https:\/\/dorabianieczesci.pl\/index.php\/wp-json\/wp\/v2\/pages"}],"about":[{"href":"https:\/\/dorabianieczesci.pl\/index.php\/wp-json\/wp\/v2\/types\/page"}],"author":[{"embeddable":true,"href":"https:\/\/dorabianieczesci.pl\/index.php\/wp-json\/wp\/v2\/users\/1"}],"replies":[{"embeddable":true,"href":"https:\/\/dorabianieczesci.pl\/index.php\/wp-json\/wp\/v2\/comments?post=18"}],"version-history":[{"count":10,"href":"https:\/\/dorabianieczesci.pl\/index.php\/wp-json\/wp\/v2\/pages\/18\/revisions"}],"predecessor-version":[{"id":637,"href":"https:\/\/dorabianieczesci.pl\/index.php\/wp-json\/wp\/v2\/pages\/18\/revisions\/637"}],"wp:attachment":[{"href":"https:\/\/dorabianieczesci.pl\/index.php\/wp-json\/wp\/v2\/media?parent=18"}],"curies":[{"name":"wp","href":"https:\/\/api.w.org\/{rel}","templated":true}]}}