{"id":1213,"date":"2025-03-05T12:42:41","date_gmt":"2025-03-05T11:42:41","guid":{"rendered":"https:\/\/wordpress2402082.home.pl\/autoinstalator\/wordpressplus3\/?page_id=1213"},"modified":"2025-03-05T12:42:42","modified_gmt":"2025-03-05T11:42:42","slug":"3d-printing","status":"publish","type":"page","link":"https:\/\/dorabianieczesci.pl\/index.php\/en\/3d-printing\/","title":{"rendered":"3D printing"},"content":{"rendered":"\t\t<div data-elementor-type=\"wp-page\" data-elementor-id=\"1213\" class=\"elementor elementor-1213\" data-elementor-post-type=\"page\">\n\t\t\t\t<div class=\"elementor-element elementor-element-3298c05 e-flex e-con-boxed e-con e-parent\" data-id=\"3298c05\" data-element_type=\"container\" data-e-type=\"container\" data-settings=\"{&quot;background_background&quot;:&quot;classic&quot;}\">\n\t\t\t\t\t<div class=\"e-con-inner\">\n\t\t<div class=\"elementor-element elementor-element-e9b0bba e-con-full e-flex e-con e-child\" data-id=\"e9b0bba\" data-element_type=\"container\" data-e-type=\"container\">\n\t\t\t\t<div class=\"elementor-element elementor-element-8e9bf0a elementor-widget elementor-widget-heading\" data-id=\"8e9bf0a\" data-element_type=\"widget\" data-e-type=\"widget\" data-widget_type=\"heading.default\">\n\t\t\t\t<div class=\"elementor-widget-container\">\n\t\t\t\t\t<h1 class=\"elementor-heading-title elementor-size-default\">DRUK 3D<\/h1>\t\t\t\t<\/div>\n\t\t\t\t<\/div>\n\t\t\t\t<div class=\"elementor-element elementor-element-2987589 elementor-widget elementor-widget-text-editor\" data-id=\"2987589\" data-element_type=\"widget\" data-e-type=\"widget\" data-widget_type=\"text-editor.default\">\n\t\t\t\t<div class=\"elementor-widget-container\">\n\t\t\t\t\t\t\t\t\t<p>Oferujemy profesjonalny druk 3D na nowoczesnej drukarce 3D, zapewniaj\u0105c wysok\u0105 jako\u015b\u0107 i precyzj\u0119 wykonania. Tworzymy modele na zam\u00f3wienie z r\u00f3\u017cnych materia\u0142\u00f3w, takich jak PLA, PETG, ABS, PC, TPU oraz mocne materia\u0142y oparte na Nylonie oraz W\u0142\u00f3knach w\u0119g\u0142owych. Realizujemy zar\u00f3wno prototypy, jak i gotowe elementy u\u017cytkowe.<\/p><p><strong>\u25cf Indywidualne projekty<\/strong> \u2013 dostosowane do Twoich potrzeb<br \/><strong>\u25cf Szeroki wyb\u00f3r materia\u0142\u00f3w i kolor\u00f3w<\/strong><br \/><strong>\u25cf Szybka realizacja zam\u00f3wie\u0144<\/strong><\/p><p>Masz gotowy model lub potrzebujesz pomocy w przygotowaniu projektu? Skontaktuj si\u0119 z nami!<\/p>\t\t\t\t\t\t\t\t<\/div>\n\t\t\t\t<\/div>\n\t\t\t\t<\/div>\n\t\t<div class=\"elementor-element elementor-element-189ef77 e-con-full e-flex elementor-invisible e-con e-child\" data-id=\"189ef77\" data-element_type=\"container\" data-e-type=\"container\" data-settings=\"{&quot;animation&quot;:&quot;fadeIn&quot;}\">\n\t\t<div class=\"elementor-element elementor-element-84b1c50 e-con-full e-flex e-con e-child\" data-id=\"84b1c50\" data-element_type=\"container\" data-e-type=\"container\" data-settings=\"{&quot;background_background&quot;:&quot;classic&quot;}\">\n\t\t\t\t<div class=\"elementor-element elementor-element-27ade77 elementor-widget elementor-widget-heading\" data-id=\"27ade77\" data-element_type=\"widget\" data-e-type=\"widget\" data-widget_type=\"heading.default\">\n\t\t\t\t<div class=\"elementor-widget-container\">\n\t\t\t\t\t<h4 class=\"elementor-heading-title elementor-size-default\">Druk PLA<\/h4>\t\t\t\t<\/div>\n\t\t\t\t<\/div>\n\t\t\t\t<\/div>\n\t\t<div class=\"elementor-element elementor-element-4de2a9d e-con-full e-flex e-con e-child\" data-id=\"4de2a9d\" data-element_type=\"container\" data-e-type=\"container\" data-settings=\"{&quot;background_background&quot;:&quot;classic&quot;}\">\n\t\t\t\t<div class=\"elementor-element elementor-element-5e6ab0e elementor-widget elementor-widget-heading\" data-id=\"5e6ab0e\" data-element_type=\"widget\" data-e-type=\"widget\" data-widget_type=\"heading.default\">\n\t\t\t\t<div class=\"elementor-widget-container\">\n\t\t\t\t\t<h4 class=\"elementor-heading-title elementor-size-default\">Druk PETG<\/h4>\t\t\t\t<\/div>\n\t\t\t\t<\/div>\n\t\t\t\t<\/div>\n\t\t<div class=\"elementor-element elementor-element-bc9b902 e-con-full e-flex e-con e-child\" data-id=\"bc9b902\" data-element_type=\"container\" data-e-type=\"container\" data-settings=\"{&quot;background_background&quot;:&quot;classic&quot;}\">\n\t\t\t\t<div class=\"elementor-element elementor-element-ec96af4 elementor-widget elementor-widget-heading\" data-id=\"ec96af4\" data-element_type=\"widget\" data-e-type=\"widget\" data-widget_type=\"heading.default\">\n\t\t\t\t<div class=\"elementor-widget-container\">\n\t\t\t\t\t<h4 class=\"elementor-heading-title elementor-size-default\">Druk ABS<\/h4>\t\t\t\t<\/div>\n\t\t\t\t<\/div>\n\t\t\t\t<\/div>\n\t\t<div class=\"elementor-element elementor-element-294a534 e-con-full e-flex e-con e-child\" data-id=\"294a534\" data-element_type=\"container\" data-e-type=\"container\" data-settings=\"{&quot;background_background&quot;:&quot;classic&quot;}\">\n\t\t\t\t<div class=\"elementor-element elementor-element-a6d4b1d elementor-widget elementor-widget-heading\" data-id=\"a6d4b1d\" data-element_type=\"widget\" data-e-type=\"widget\" data-widget_type=\"heading.default\">\n\t\t\t\t<div class=\"elementor-widget-container\">\n\t\t\t\t\t<h4 class=\"elementor-heading-title elementor-size-default\">Druk ASA<\/h4>\t\t\t\t<\/div>\n\t\t\t\t<\/div>\n\t\t\t\t<\/div>\n\t\t<div class=\"elementor-element elementor-element-f1e6a00 e-con-full e-flex e-con e-child\" data-id=\"f1e6a00\" data-element_type=\"container\" data-e-type=\"container\" data-settings=\"{&quot;background_background&quot;:&quot;classic&quot;}\">\n\t\t\t\t<div class=\"elementor-element elementor-element-0f67b15 elementor-widget elementor-widget-heading\" data-id=\"0f67b15\" data-element_type=\"widget\" data-e-type=\"widget\" data-widget_type=\"heading.default\">\n\t\t\t\t<div class=\"elementor-widget-container\">\n\t\t\t\t\t<h4 class=\"elementor-heading-title elementor-size-default\">Druk PC<\/h4>\t\t\t\t<\/div>\n\t\t\t\t<\/div>\n\t\t\t\t<\/div>\n\t\t<div class=\"elementor-element elementor-element-377d2e8 e-con-full e-flex e-con e-child\" data-id=\"377d2e8\" data-element_type=\"container\" data-e-type=\"container\" data-settings=\"{&quot;background_background&quot;:&quot;classic&quot;}\">\n\t\t\t\t<div class=\"elementor-element elementor-element-9e4acfa elementor-widget elementor-widget-heading\" data-id=\"9e4acfa\" data-element_type=\"widget\" data-e-type=\"widget\" data-widget_type=\"heading.default\">\n\t\t\t\t<div class=\"elementor-widget-container\">\n\t\t\t\t\t<h4 class=\"elementor-heading-title elementor-size-default\">Druk TPU<\/h4>\t\t\t\t<\/div>\n\t\t\t\t<\/div>\n\t\t\t\t<\/div>\n\t\t<div class=\"elementor-element elementor-element-c48fd98 e-con-full e-flex e-con e-child\" data-id=\"c48fd98\" data-element_type=\"container\" data-e-type=\"container\" data-settings=\"{&quot;background_background&quot;:&quot;classic&quot;}\">\n\t\t\t\t<div class=\"elementor-element elementor-element-0219bd9 elementor-widget elementor-widget-heading\" data-id=\"0219bd9\" data-element_type=\"widget\" data-e-type=\"widget\" data-widget_type=\"heading.default\">\n\t\t\t\t<div class=\"elementor-widget-container\">\n\t\t\t\t\t<h4 class=\"elementor-heading-title elementor-size-default\">Druk PET<\/h4>\t\t\t\t<\/div>\n\t\t\t\t<\/div>\n\t\t\t\t<\/div>\n\t\t<div class=\"elementor-element elementor-element-ecb4dae e-con-full e-flex e-con e-child\" data-id=\"ecb4dae\" data-element_type=\"container\" data-e-type=\"container\" data-settings=\"{&quot;background_background&quot;:&quot;classic&quot;}\">\n\t\t\t\t<div class=\"elementor-element elementor-element-836f37e elementor-widget elementor-widget-heading\" data-id=\"836f37e\" data-element_type=\"widget\" data-e-type=\"widget\" data-widget_type=\"heading.default\">\n\t\t\t\t<div class=\"elementor-widget-container\">\n\t\t\t\t\t<h4 class=\"elementor-heading-title elementor-size-default\">Druk NYLON PA6<\/h4>\t\t\t\t<\/div>\n\t\t\t\t<\/div>\n\t\t\t\t<\/div>\n\t\t<div class=\"elementor-element elementor-element-0afdaf7 e-con-full e-flex e-con e-child\" data-id=\"0afdaf7\" data-element_type=\"container\" data-e-type=\"container\" data-settings=\"{&quot;background_background&quot;:&quot;classic&quot;}\">\n\t\t\t\t<div class=\"elementor-element elementor-element-0fc03c5 elementor-widget elementor-widget-heading\" data-id=\"0fc03c5\" data-element_type=\"widget\" data-e-type=\"widget\" data-widget_type=\"heading.default\">\n\t\t\t\t<div class=\"elementor-widget-container\">\n\t\t\t\t\t<h4 class=\"elementor-heading-title elementor-size-default\">Druk CF<\/h4>\t\t\t\t<\/div>\n\t\t\t\t<\/div>\n\t\t\t\t<\/div>\n\t\t\t\t<\/div>\n\t\t<div class=\"elementor-element elementor-element-dd5d56d e-con-full e-flex e-con e-child\" data-id=\"dd5d56d\" data-element_type=\"container\" data-e-type=\"container\">\n\t\t\t\t<div class=\"elementor-element elementor-element-c8e9a6a elementor-widget elementor-widget-heading\" data-id=\"c8e9a6a\" data-element_type=\"widget\" data-e-type=\"widget\" data-widget_type=\"heading.default\">\n\t\t\t\t<div class=\"elementor-widget-container\">\n\t\t\t\t\t<h2 class=\"elementor-heading-title elementor-size-default\">WYKONANE PROJEKTY<\/h2>\t\t\t\t<\/div>\n\t\t\t\t<\/div>\n\t\t\t\t<div class=\"elementor-element elementor-element-38ac36e elementor-widget elementor-widget-gallery\" data-id=\"38ac36e\" data-element_type=\"widget\" data-e-type=\"widget\" data-settings=\"{&quot;columns&quot;:3,&quot;aspect_ratio&quot;:&quot;4:3&quot;,&quot;lazyload&quot;:&quot;yes&quot;,&quot;gallery_layout&quot;:&quot;grid&quot;,&quot;columns_tablet&quot;:2,&quot;columns_mobile&quot;:1,&quot;gap&quot;:{&quot;unit&quot;:&quot;px&quot;,&quot;size&quot;:10,&quot;sizes&quot;:[]},&quot;gap_tablet&quot;:{&quot;unit&quot;:&quot;px&quot;,&quot;size&quot;:10,&quot;sizes&quot;:[]},&quot;gap_mobile&quot;:{&quot;unit&quot;:&quot;px&quot;,&quot;size&quot;:10,&quot;sizes&quot;:[]},&quot;link_to&quot;:&quot;file&quot;,&quot;overlay_background&quot;:&quot;yes&quot;,&quot;content_hover_animation&quot;:&quot;fade-in&quot;}\" data-widget_type=\"gallery.default\">\n\t\t\t\t<div class=\"elementor-widget-container\">\n\t\t\t\t\t\t\t<div class=\"elementor-gallery__container\">\n\t\t\t\t\t\t\t<a class=\"e-gallery-item elementor-gallery-item elementor-animated-content\" href=\"https:\/\/dorabianieczesci.pl\/wp-content\/uploads\/2025\/03\/ee8e5c22-f74b-4c2e-8df4-fea54d7bc192.jpg\" data-elementor-open-lightbox=\"yes\" data-elementor-lightbox-slideshow=\"38ac36e\" data-elementor-lightbox-title=\"ee8e5c22-f74b-4c2e-8df4-fea54d7bc192\" data-e-action-hash=\"#elementor-action%3Aaction%3Dlightbox%26settings%3DeyJpZCI6MTAxNywidXJsIjoiaHR0cHM6XC9cL2RvcmFiaWFuaWVjemVzY2kucGxcL3dwLWNvbnRlbnRcL3VwbG9hZHNcLzIwMjVcLzAzXC9lZThlNWMyMi1mNzRiLTRjMmUtOGRmNC1mZWE1NGQ3YmMxOTIuanBnIiwic2xpZGVzaG93IjoiMzhhYzM2ZSJ9\">\n\t\t\t\t\t<div class=\"e-gallery-image elementor-gallery-item__image\" data-thumbnail=\"https:\/\/dorabianieczesci.pl\/wp-content\/uploads\/2025\/03\/ee8e5c22-f74b-4c2e-8df4-fea54d7bc192.jpg\" data-width=\"2048\" data-height=\"1536\" aria-label=\"\" role=\"img\" ><\/div>\n\t\t\t\t\t\t\t\t\t\t\t<div class=\"elementor-gallery-item__overlay\"><\/div>\n\t\t\t\t\t\t\t\t\t\t\t\t\t\t<\/a>\n\t\t\t\t\t\t\t<a class=\"e-gallery-item elementor-gallery-item elementor-animated-content\" href=\"https:\/\/dorabianieczesci.pl\/wp-content\/uploads\/2025\/03\/20240613_163447-scaled.jpg\" data-elementor-open-lightbox=\"yes\" data-elementor-lightbox-slideshow=\"38ac36e\" data-elementor-lightbox-title=\"20240613_163447\" data-e-action-hash=\"#elementor-action%3Aaction%3Dlightbox%26settings%3DeyJpZCI6MTAxMiwidXJsIjoiaHR0cHM6XC9cL2RvcmFiaWFuaWVjemVzY2kucGxcL3dwLWNvbnRlbnRcL3VwbG9hZHNcLzIwMjVcLzAzXC8yMDI0MDYxM18xNjM0NDctc2NhbGVkLmpwZyIsInNsaWRlc2hvdyI6IjM4YWMzNmUifQ%3D%3D\">\n\t\t\t\t\t<div class=\"e-gallery-image elementor-gallery-item__image\" data-thumbnail=\"https:\/\/dorabianieczesci.pl\/wp-content\/uploads\/2025\/03\/20240613_163447-scaled.jpg\" data-width=\"2560\" data-height=\"1919\" aria-label=\"\" role=\"img\" ><\/div>\n\t\t\t\t\t\t\t\t\t\t\t<div class=\"elementor-gallery-item__overlay\"><\/div>\n\t\t\t\t\t\t\t\t\t\t\t\t\t\t<\/a>\n\t\t\t\t\t\t\t<a class=\"e-gallery-item elementor-gallery-item elementor-animated-content\" href=\"https:\/\/dorabianieczesci.pl\/wp-content\/uploads\/2025\/03\/20240628_160635-scaled.jpg\" data-elementor-open-lightbox=\"yes\" data-elementor-lightbox-slideshow=\"38ac36e\" data-elementor-lightbox-title=\"20240628_160635\" data-e-action-hash=\"#elementor-action%3Aaction%3Dlightbox%26settings%3DeyJpZCI6MTAxMywidXJsIjoiaHR0cHM6XC9cL2RvcmFiaWFuaWVjemVzY2kucGxcL3dwLWNvbnRlbnRcL3VwbG9hZHNcLzIwMjVcLzAzXC8yMDI0MDYyOF8xNjA2MzUtc2NhbGVkLmpwZyIsInNsaWRlc2hvdyI6IjM4YWMzNmUifQ%3D%3D\">\n\t\t\t\t\t<div class=\"e-gallery-image elementor-gallery-item__image\" data-thumbnail=\"https:\/\/dorabianieczesci.pl\/wp-content\/uploads\/2025\/03\/20240628_160635-scaled.jpg\" data-width=\"2406\" data-height=\"2560\" aria-label=\"\" role=\"img\" ><\/div>\n\t\t\t\t\t\t\t\t\t\t\t<div class=\"elementor-gallery-item__overlay\"><\/div>\n\t\t\t\t\t\t\t\t\t\t\t\t\t\t<\/a>\n\t\t\t\t\t\t\t<a class=\"e-gallery-item elementor-gallery-item elementor-animated-content\" href=\"https:\/\/dorabianieczesci.pl\/wp-content\/uploads\/2025\/03\/991deb6a-bf9f-45cc-9122-8b8db7f88852.jpg\" data-elementor-open-lightbox=\"yes\" data-elementor-lightbox-slideshow=\"38ac36e\" data-elementor-lightbox-title=\"991deb6a-bf9f-45cc-9122-8b8db7f88852\" data-e-action-hash=\"#elementor-action%3Aaction%3Dlightbox%26settings%3DeyJpZCI6MTAxMSwidXJsIjoiaHR0cHM6XC9cL2RvcmFiaWFuaWVjemVzY2kucGxcL3dwLWNvbnRlbnRcL3VwbG9hZHNcLzIwMjVcLzAzXC85OTFkZWI2YS1iZjlmLTQ1Y2MtOTEyMi04YjhkYjdmODg4NTIuanBnIiwic2xpZGVzaG93IjoiMzhhYzM2ZSJ9\">\n\t\t\t\t\t<div class=\"e-gallery-image elementor-gallery-item__image\" data-thumbnail=\"https:\/\/dorabianieczesci.pl\/wp-content\/uploads\/2025\/03\/991deb6a-bf9f-45cc-9122-8b8db7f88852.jpg\" data-width=\"1536\" data-height=\"1330\" aria-label=\"\" role=\"img\" ><\/div>\n\t\t\t\t\t\t\t\t\t\t\t<div class=\"elementor-gallery-item__overlay\"><\/div>\n\t\t\t\t\t\t\t\t\t\t\t\t\t\t<\/a>\n\t\t\t\t\t\t\t<a class=\"e-gallery-item elementor-gallery-item elementor-animated-content\" href=\"https:\/\/dorabianieczesci.pl\/wp-content\/uploads\/2025\/03\/20240612_172945.jpg\" data-elementor-open-lightbox=\"yes\" data-elementor-lightbox-slideshow=\"38ac36e\" data-elementor-lightbox-title=\"20240612_172945\" data-e-action-hash=\"#elementor-action%3Aaction%3Dlightbox%26settings%3DeyJpZCI6MTAxNSwidXJsIjoiaHR0cHM6XC9cL2RvcmFiaWFuaWVjemVzY2kucGxcL3dwLWNvbnRlbnRcL3VwbG9hZHNcLzIwMjVcLzAzXC8yMDI0MDYxMl8xNzI5NDUuanBnIiwic2xpZGVzaG93IjoiMzhhYzM2ZSJ9\">\n\t\t\t\t\t<div class=\"e-gallery-image elementor-gallery-item__image\" data-thumbnail=\"https:\/\/dorabianieczesci.pl\/wp-content\/uploads\/2025\/03\/20240612_172945.jpg\" data-width=\"1000\" data-height=\"943\" aria-label=\"\" role=\"img\" ><\/div>\n\t\t\t\t\t\t\t\t\t\t\t<div class=\"elementor-gallery-item__overlay\"><\/div>\n\t\t\t\t\t\t\t\t\t\t\t\t\t\t<\/a>\n\t\t\t\t\t\t\t<a class=\"e-gallery-item elementor-gallery-item elementor-animated-content\" href=\"https:\/\/dorabianieczesci.pl\/wp-content\/uploads\/2025\/03\/20240613_090415.jpg\" data-elementor-open-lightbox=\"yes\" data-elementor-lightbox-slideshow=\"38ac36e\" data-elementor-lightbox-title=\"20240613_090415\" data-e-action-hash=\"#elementor-action%3Aaction%3Dlightbox%26settings%3DeyJpZCI6MTAxNiwidXJsIjoiaHR0cHM6XC9cL2RvcmFiaWFuaWVjemVzY2kucGxcL3dwLWNvbnRlbnRcL3VwbG9hZHNcLzIwMjVcLzAzXC8yMDI0MDYxM18wOTA0MTUuanBnIiwic2xpZGVzaG93IjoiMzhhYzM2ZSJ9\">\n\t\t\t\t\t<div class=\"e-gallery-image elementor-gallery-item__image\" data-thumbnail=\"https:\/\/dorabianieczesci.pl\/wp-content\/uploads\/2025\/03\/20240613_090415.jpg\" data-width=\"906\" data-height=\"750\" aria-label=\"\" role=\"img\" ><\/div>\n\t\t\t\t\t\t\t\t\t\t\t<div class=\"elementor-gallery-item__overlay\"><\/div>\n\t\t\t\t\t\t\t\t\t\t\t\t\t\t<\/a>\n\t\t\t\t\t<\/div>\n\t\t\t\t\t<\/div>\n\t\t\t\t<\/div>\n\t\t\t\t<\/div>\n\t\t\t\t\t<\/div>\n\t\t\t\t<\/div>\n\t\t\t\t<\/div>\n\t\t","protected":false},"excerpt":{"rendered":"","protected":false},"author":1,"featured_media":0,"parent":0,"menu_order":0,"comment_status":"closed","ping_status":"closed","template":"","meta":{"inline_featured_image":false,"footnotes":""},"class_list":["post-1213","page","type-page","status-publish","hentry"],"yoast_head":"<!-- This site is optimized with the Yoast SEO plugin v27.4 - https:\/\/yoast.com\/product\/yoast-seo-wordpress\/ -->\n<title>3D printing - Dorabianie Cz\u0119\u015bci<\/title>\n<meta name=\"robots\" content=\"index, follow, max-snippet:-1, max-image-preview:large, max-video-preview:-1\" \/>\n<link rel=\"canonical\" href=\"https:\/\/dorabianieczesci.pl\/index.php\/en\/3d-printing\/\" \/>\n<meta property=\"og:locale\" content=\"pl_PL\" \/>\n<meta property=\"og:type\" content=\"article\" \/>\n<meta property=\"og:title\" content=\"3D printing - Dorabianie Cz\u0119\u015bci\" \/>\n<meta property=\"og:url\" content=\"https:\/\/dorabianieczesci.pl\/index.php\/en\/3d-printing\/\" \/>\n<meta property=\"og:site_name\" content=\"Dorabianie Cz\u0119\u015bci\" \/>\n<meta property=\"article:modified_time\" content=\"2025-03-05T11:42:42+00:00\" \/>\n<meta name=\"twitter:card\" content=\"summary_large_image\" \/>\n<script type=\"application\/ld+json\" class=\"yoast-schema-graph\">{\"@context\":\"https:\\\/\\\/schema.org\",\"@graph\":[{\"@type\":\"WebPage\",\"@id\":\"https:\\\/\\\/dorabianieczesci.pl\\\/index.php\\\/en\\\/3d-printing\\\/\",\"url\":\"https:\\\/\\\/dorabianieczesci.pl\\\/index.php\\\/en\\\/3d-printing\\\/\",\"name\":\"3D printing - Dorabianie Cz\u0119\u015bci\",\"isPartOf\":{\"@id\":\"https:\\\/\\\/dorabianieczesci.pl\\\/#website\"},\"datePublished\":\"2025-03-05T11:42:41+00:00\",\"dateModified\":\"2025-03-05T11:42:42+00:00\",\"breadcrumb\":{\"@id\":\"https:\\\/\\\/dorabianieczesci.pl\\\/index.php\\\/en\\\/3d-printing\\\/#breadcrumb\"},\"inLanguage\":\"pl-PL\",\"potentialAction\":[{\"@type\":\"ReadAction\",\"target\":[\"https:\\\/\\\/dorabianieczesci.pl\\\/index.php\\\/en\\\/3d-printing\\\/\"]}]},{\"@type\":\"BreadcrumbList\",\"@id\":\"https:\\\/\\\/dorabianieczesci.pl\\\/index.php\\\/en\\\/3d-printing\\\/#breadcrumb\",\"itemListElement\":[{\"@type\":\"ListItem\",\"position\":1,\"name\":\"Strona g\u0142\u00f3wna\",\"item\":\"https:\\\/\\\/dorabianieczesci.pl\\\/\"},{\"@type\":\"ListItem\",\"position\":2,\"name\":\"3D printing\"}]},{\"@type\":\"WebSite\",\"@id\":\"https:\\\/\\\/dorabianieczesci.pl\\\/#website\",\"url\":\"https:\\\/\\\/dorabianieczesci.pl\\\/\",\"name\":\"Dorabianie Cz\u0119\u015bci\",\"description\":\"In\u017cynieria mechaniczna, Druk 3D, Dorabianie cz\u0119\u015bci\",\"publisher\":{\"@id\":\"https:\\\/\\\/dorabianieczesci.pl\\\/#organization\"},\"potentialAction\":[{\"@type\":\"SearchAction\",\"target\":{\"@type\":\"EntryPoint\",\"urlTemplate\":\"https:\\\/\\\/dorabianieczesci.pl\\\/?s={search_term_string}\"},\"query-input\":{\"@type\":\"PropertyValueSpecification\",\"valueRequired\":true,\"valueName\":\"search_term_string\"}}],\"inLanguage\":\"pl-PL\"},{\"@type\":\"Organization\",\"@id\":\"https:\\\/\\\/dorabianieczesci.pl\\\/#organization\",\"name\":\"Dorabianie Cz\u0119\u015bci\",\"url\":\"https:\\\/\\\/dorabianieczesci.pl\\\/\",\"logo\":{\"@type\":\"ImageObject\",\"inLanguage\":\"pl-PL\",\"@id\":\"https:\\\/\\\/dorabianieczesci.pl\\\/#\\\/schema\\\/logo\\\/image\\\/\",\"url\":\"https:\\\/\\\/dorabianieczesci.pl\\\/wp-content\\\/uploads\\\/2025\\\/01\\\/dorabianieczesci.pl-1-\u2014-kopia.png\",\"contentUrl\":\"https:\\\/\\\/dorabianieczesci.pl\\\/wp-content\\\/uploads\\\/2025\\\/01\\\/dorabianieczesci.pl-1-\u2014-kopia.png\",\"width\":763,\"height\":763,\"caption\":\"Dorabianie Cz\u0119\u015bci\"},\"image\":{\"@id\":\"https:\\\/\\\/dorabianieczesci.pl\\\/#\\\/schema\\\/logo\\\/image\\\/\"}}]}<\/script>\n<!-- \/ Yoast SEO plugin. -->","yoast_head_json":{"title":"3D printing - Dorabianie Cz\u0119\u015bci","robots":{"index":"index","follow":"follow","max-snippet":"max-snippet:-1","max-image-preview":"max-image-preview:large","max-video-preview":"max-video-preview:-1"},"canonical":"https:\/\/dorabianieczesci.pl\/index.php\/en\/3d-printing\/","og_locale":"pl_PL","og_type":"article","og_title":"3D printing - Dorabianie Cz\u0119\u015bci","og_url":"https:\/\/dorabianieczesci.pl\/index.php\/en\/3d-printing\/","og_site_name":"Dorabianie Cz\u0119\u015bci","article_modified_time":"2025-03-05T11:42:42+00:00","twitter_card":"summary_large_image","schema":{"@context":"https:\/\/schema.org","@graph":[{"@type":"WebPage","@id":"https:\/\/dorabianieczesci.pl\/index.php\/en\/3d-printing\/","url":"https:\/\/dorabianieczesci.pl\/index.php\/en\/3d-printing\/","name":"3D printing - Dorabianie Cz\u0119\u015bci","isPartOf":{"@id":"https:\/\/dorabianieczesci.pl\/#website"},"datePublished":"2025-03-05T11:42:41+00:00","dateModified":"2025-03-05T11:42:42+00:00","breadcrumb":{"@id":"https:\/\/dorabianieczesci.pl\/index.php\/en\/3d-printing\/#breadcrumb"},"inLanguage":"pl-PL","potentialAction":[{"@type":"ReadAction","target":["https:\/\/dorabianieczesci.pl\/index.php\/en\/3d-printing\/"]}]},{"@type":"BreadcrumbList","@id":"https:\/\/dorabianieczesci.pl\/index.php\/en\/3d-printing\/#breadcrumb","itemListElement":[{"@type":"ListItem","position":1,"name":"Strona g\u0142\u00f3wna","item":"https:\/\/dorabianieczesci.pl\/"},{"@type":"ListItem","position":2,"name":"3D printing"}]},{"@type":"WebSite","@id":"https:\/\/dorabianieczesci.pl\/#website","url":"https:\/\/dorabianieczesci.pl\/","name":"Dorabianie Cz\u0119\u015bci","description":"In\u017cynieria mechaniczna, Druk 3D, Dorabianie cz\u0119\u015bci","publisher":{"@id":"https:\/\/dorabianieczesci.pl\/#organization"},"potentialAction":[{"@type":"SearchAction","target":{"@type":"EntryPoint","urlTemplate":"https:\/\/dorabianieczesci.pl\/?s={search_term_string}"},"query-input":{"@type":"PropertyValueSpecification","valueRequired":true,"valueName":"search_term_string"}}],"inLanguage":"pl-PL"},{"@type":"Organization","@id":"https:\/\/dorabianieczesci.pl\/#organization","name":"Dorabianie Cz\u0119\u015bci","url":"https:\/\/dorabianieczesci.pl\/","logo":{"@type":"ImageObject","inLanguage":"pl-PL","@id":"https:\/\/dorabianieczesci.pl\/#\/schema\/logo\/image\/","url":"https:\/\/dorabianieczesci.pl\/wp-content\/uploads\/2025\/01\/dorabianieczesci.pl-1-\u2014-kopia.png","contentUrl":"https:\/\/dorabianieczesci.pl\/wp-content\/uploads\/2025\/01\/dorabianieczesci.pl-1-\u2014-kopia.png","width":763,"height":763,"caption":"Dorabianie Cz\u0119\u015bci"},"image":{"@id":"https:\/\/dorabianieczesci.pl\/#\/schema\/logo\/image\/"}}]}},"_links":{"self":[{"href":"https:\/\/dorabianieczesci.pl\/index.php\/wp-json\/wp\/v2\/pages\/1213","targetHints":{"allow":["GET"]}}],"collection":[{"href":"https:\/\/dorabianieczesci.pl\/index.php\/wp-json\/wp\/v2\/pages"}],"about":[{"href":"https:\/\/dorabianieczesci.pl\/index.php\/wp-json\/wp\/v2\/types\/page"}],"author":[{"embeddable":true,"href":"https:\/\/dorabianieczesci.pl\/index.php\/wp-json\/wp\/v2\/users\/1"}],"replies":[{"embeddable":true,"href":"https:\/\/dorabianieczesci.pl\/index.php\/wp-json\/wp\/v2\/comments?post=1213"}],"version-history":[{"count":1,"href":"https:\/\/dorabianieczesci.pl\/index.php\/wp-json\/wp\/v2\/pages\/1213\/revisions"}],"predecessor-version":[{"id":1214,"href":"https:\/\/dorabianieczesci.pl\/index.php\/wp-json\/wp\/v2\/pages\/1213\/revisions\/1214"}],"wp:attachment":[{"href":"https:\/\/dorabianieczesci.pl\/index.php\/wp-json\/wp\/v2\/media?parent=1213"}],"curies":[{"name":"wp","href":"https:\/\/api.w.org\/{rel}","templated":true}]}}