{"id":1185,"date":"2025-03-05T12:13:39","date_gmt":"2025-03-05T11:13:39","guid":{"rendered":"https:\/\/wordpress2402082.home.pl\/autoinstalator\/wordpressplus3\/?page_id=1185"},"modified":"2025-03-05T12:13:40","modified_gmt":"2025-03-05T11:13:40","slug":"laser-cutting","status":"publish","type":"page","link":"https:\/\/dorabianieczesci.pl\/index.php\/en\/laser-cutting\/","title":{"rendered":"Laser cutting"},"content":{"rendered":"\t\t<div data-elementor-type=\"wp-page\" data-elementor-id=\"1185\" class=\"elementor elementor-1185\" data-elementor-post-type=\"page\">\n\t\t\t\t<div class=\"elementor-element elementor-element-e9c77a7 e-flex e-con-boxed e-con e-parent\" data-id=\"e9c77a7\" data-element_type=\"container\" data-e-type=\"container\" data-settings=\"{&quot;background_background&quot;:&quot;classic&quot;}\">\n\t\t\t\t\t<div class=\"e-con-inner\">\n\t\t<div class=\"elementor-element elementor-element-2ed6cda e-con-full e-flex e-con e-child\" data-id=\"2ed6cda\" data-element_type=\"container\" data-e-type=\"container\">\n\t\t\t\t<div class=\"elementor-element elementor-element-ec7dc25 elementor-widget elementor-widget-heading\" data-id=\"ec7dc25\" data-element_type=\"widget\" data-e-type=\"widget\" data-widget_type=\"heading.default\">\n\t\t\t\t<div class=\"elementor-widget-container\">\n\t\t\t\t\t<h1 class=\"elementor-heading-title elementor-size-default\">WYCINANIE LASEROWE<\/h1>\t\t\t\t<\/div>\n\t\t\t\t<\/div>\n\t\t\t\t<div class=\"elementor-element elementor-element-ba7cbcf elementor-widget elementor-widget-text-editor\" data-id=\"ba7cbcf\" data-element_type=\"widget\" data-e-type=\"widget\" data-widget_type=\"text-editor.default\">\n\t\t\t\t<div class=\"elementor-widget-container\">\n\t\t\t\t\t\t\t\t\t<p>Oferujemy precyzyjne wycinanie laserowe w r\u00f3\u017cnych materia\u0142ach, takich jak metal, drewno, akryl czy sklejka. Nasza technologia pozwala na dok\u0142adne ci\u0119cie nawet najbardziej skomplikowanych wzor\u00f3w, zapewniaj\u0105c wysok\u0105 jako\u015b\u0107 i powtarzalno\u015b\u0107 wykonania.<\/p><p><strong>\u25cf Precyzja i dok\u0142adno\u015b\u0107<\/strong> \u2013 czyste kraw\u0119dzie bez potrzeby dodatkowej obr\u00f3bki<br \/><strong>\u25cf Szeroka gama materia\u0142\u00f3w<\/strong> \u2013 ci\u0119cie metalu, drewna, akrylu i innych tworzyw<br \/><strong>\u25cf Realizacja na zam\u00f3wienie<\/strong> \u2013 od pojedynczych element\u00f3w po seryjn\u0105 produkcj\u0119<\/p><p>Masz gotowy projekt lub potrzebujesz pomocy w jego przygotowaniu? Skontaktuj si\u0119 z nami, a doradzimy najlepsze rozwi\u0105zanie!<\/p>\t\t\t\t\t\t\t\t<\/div>\n\t\t\t\t<\/div>\n\t\t\t\t<\/div>\n\t\t<div class=\"elementor-element elementor-element-44bee42 e-con-full e-flex elementor-invisible e-con e-child\" data-id=\"44bee42\" data-element_type=\"container\" data-e-type=\"container\" data-settings=\"{&quot;animation&quot;:&quot;fadeIn&quot;}\">\n\t\t<div class=\"elementor-element elementor-element-16d871d e-con-full e-flex e-con e-child\" data-id=\"16d871d\" data-element_type=\"container\" data-e-type=\"container\" data-settings=\"{&quot;background_background&quot;:&quot;classic&quot;}\">\n\t\t\t\t<div class=\"elementor-element elementor-element-b6b0e5c elementor-widget elementor-widget-heading\" data-id=\"b6b0e5c\" data-element_type=\"widget\" data-e-type=\"widget\" data-widget_type=\"heading.default\">\n\t\t\t\t<div class=\"elementor-widget-container\">\n\t\t\t\t\t<h4 class=\"elementor-heading-title elementor-size-default\">Wycinanie Metal<\/h4>\t\t\t\t<\/div>\n\t\t\t\t<\/div>\n\t\t\t\t<div class=\"elementor-element elementor-element-497657d elementor-widget elementor-widget-text-editor\" data-id=\"497657d\" data-element_type=\"widget\" data-e-type=\"widget\" data-widget_type=\"text-editor.default\">\n\t\t\t\t<div class=\"elementor-widget-container\">\n\t\t\t\t\t\t\t\t\t<p>Lorem ipsum dolor sit amet, consectetur adipisicing elit.\u00a0<\/p>\t\t\t\t\t\t\t\t<\/div>\n\t\t\t\t<\/div>\n\t\t\t\t<\/div>\n\t\t<div class=\"elementor-element elementor-element-4edcf76 e-con-full e-flex e-con e-child\" data-id=\"4edcf76\" data-element_type=\"container\" data-e-type=\"container\" data-settings=\"{&quot;background_background&quot;:&quot;classic&quot;}\">\n\t\t\t\t<div class=\"elementor-element elementor-element-ba7e497 elementor-widget elementor-widget-heading\" data-id=\"ba7e497\" data-element_type=\"widget\" data-e-type=\"widget\" data-widget_type=\"heading.default\">\n\t\t\t\t<div class=\"elementor-widget-container\">\n\t\t\t\t\t<h4 class=\"elementor-heading-title elementor-size-default\">Wycinanie Drewno<\/h4>\t\t\t\t<\/div>\n\t\t\t\t<\/div>\n\t\t\t\t<div class=\"elementor-element elementor-element-dec4045 elementor-widget elementor-widget-text-editor\" data-id=\"dec4045\" data-element_type=\"widget\" data-e-type=\"widget\" data-widget_type=\"text-editor.default\">\n\t\t\t\t<div class=\"elementor-widget-container\">\n\t\t\t\t\t\t\t\t\t<p>Lorem ipsum dolor sit amet, consectetur adipisicing elit.\u00a0<\/p>\t\t\t\t\t\t\t\t<\/div>\n\t\t\t\t<\/div>\n\t\t\t\t<\/div>\n\t\t<div class=\"elementor-element elementor-element-21a8c48 e-con-full e-flex e-con e-child\" data-id=\"21a8c48\" data-element_type=\"container\" data-e-type=\"container\" data-settings=\"{&quot;background_background&quot;:&quot;classic&quot;}\">\n\t\t\t\t<div class=\"elementor-element elementor-element-e2bf843 elementor-widget elementor-widget-heading\" data-id=\"e2bf843\" data-element_type=\"widget\" data-e-type=\"widget\" data-widget_type=\"heading.default\">\n\t\t\t\t<div class=\"elementor-widget-container\">\n\t\t\t\t\t<h4 class=\"elementor-heading-title elementor-size-default\">Wycinanie Akryl<\/h4>\t\t\t\t<\/div>\n\t\t\t\t<\/div>\n\t\t\t\t<div class=\"elementor-element elementor-element-1c2511b elementor-widget elementor-widget-text-editor\" data-id=\"1c2511b\" data-element_type=\"widget\" data-e-type=\"widget\" data-widget_type=\"text-editor.default\">\n\t\t\t\t<div class=\"elementor-widget-container\">\n\t\t\t\t\t\t\t\t\t<p>Lorem ipsum dolor sit amet, consectetur adipisicing elit.\u00a0<\/p>\t\t\t\t\t\t\t\t<\/div>\n\t\t\t\t<\/div>\n\t\t\t\t<\/div>\n\t\t\t\t<\/div>\n\t\t<div class=\"elementor-element elementor-element-86b4b0f e-con-full e-flex e-con e-child\" data-id=\"86b4b0f\" data-element_type=\"container\" data-e-type=\"container\">\n\t\t\t\t<div class=\"elementor-element elementor-element-2bc5d96 elementor-widget elementor-widget-heading\" data-id=\"2bc5d96\" data-element_type=\"widget\" data-e-type=\"widget\" data-widget_type=\"heading.default\">\n\t\t\t\t<div class=\"elementor-widget-container\">\n\t\t\t\t\t<h2 class=\"elementor-heading-title elementor-size-default\">WYKONANE MODELE<\/h2>\t\t\t\t<\/div>\n\t\t\t\t<\/div>\n\t\t\t\t<div class=\"elementor-element elementor-element-0545235 elementor-widget elementor-widget-gallery\" data-id=\"0545235\" data-element_type=\"widget\" data-e-type=\"widget\" data-settings=\"{&quot;columns&quot;:3,&quot;aspect_ratio&quot;:&quot;4:3&quot;,&quot;lazyload&quot;:&quot;yes&quot;,&quot;gallery_layout&quot;:&quot;grid&quot;,&quot;columns_tablet&quot;:2,&quot;columns_mobile&quot;:1,&quot;gap&quot;:{&quot;unit&quot;:&quot;px&quot;,&quot;size&quot;:10,&quot;sizes&quot;:[]},&quot;gap_tablet&quot;:{&quot;unit&quot;:&quot;px&quot;,&quot;size&quot;:10,&quot;sizes&quot;:[]},&quot;gap_mobile&quot;:{&quot;unit&quot;:&quot;px&quot;,&quot;size&quot;:10,&quot;sizes&quot;:[]},&quot;link_to&quot;:&quot;file&quot;,&quot;overlay_background&quot;:&quot;yes&quot;,&quot;content_hover_animation&quot;:&quot;fade-in&quot;}\" data-widget_type=\"gallery.default\">\n\t\t\t\t<div class=\"elementor-widget-container\">\n\t\t\t\t\t\t\t<div class=\"elementor-gallery__container\">\n\t\t\t\t\t\t\t<a class=\"e-gallery-item elementor-gallery-item elementor-animated-content\" href=\"https:\/\/dorabianieczesci.pl\/wp-content\/uploads\/2025\/01\/56-001-0001.png\" data-elementor-open-lightbox=\"yes\" data-elementor-lightbox-slideshow=\"0545235\" data-elementor-lightbox-title=\"56-001-0001\" data-e-action-hash=\"#elementor-action%3Aaction%3Dlightbox%26settings%3DeyJpZCI6MTQyLCJ1cmwiOiJodHRwczpcL1wvZG9yYWJpYW5pZWN6ZXNjaS5wbFwvd3AtY29udGVudFwvdXBsb2Fkc1wvMjAyNVwvMDFcLzU2LTAwMS0wMDAxLnBuZyIsInNsaWRlc2hvdyI6IjA1NDUyMzUifQ%3D%3D\">\n\t\t\t\t\t<div class=\"e-gallery-image elementor-gallery-item__image\" data-thumbnail=\"https:\/\/dorabianieczesci.pl\/wp-content\/uploads\/2025\/01\/56-001-0001.png\" data-width=\"1000\" data-height=\"1000\" aria-label=\"\" role=\"img\" ><\/div>\n\t\t\t\t\t\t\t\t\t\t\t<div class=\"elementor-gallery-item__overlay\"><\/div>\n\t\t\t\t\t\t\t\t\t\t\t\t\t\t<\/a>\n\t\t\t\t\t\t\t<a class=\"e-gallery-item elementor-gallery-item elementor-animated-content\" href=\"https:\/\/dorabianieczesci.pl\/wp-content\/uploads\/2025\/01\/79-001-0001.png\" data-elementor-open-lightbox=\"yes\" data-elementor-lightbox-slideshow=\"0545235\" data-elementor-lightbox-title=\"79-001-0001\" data-e-action-hash=\"#elementor-action%3Aaction%3Dlightbox%26settings%3DeyJpZCI6MTQ1LCJ1cmwiOiJodHRwczpcL1wvZG9yYWJpYW5pZWN6ZXNjaS5wbFwvd3AtY29udGVudFwvdXBsb2Fkc1wvMjAyNVwvMDFcLzc5LTAwMS0wMDAxLnBuZyIsInNsaWRlc2hvdyI6IjA1NDUyMzUifQ%3D%3D\">\n\t\t\t\t\t<div class=\"e-gallery-image elementor-gallery-item__image\" data-thumbnail=\"https:\/\/dorabianieczesci.pl\/wp-content\/uploads\/2025\/01\/79-001-0001.png\" data-width=\"1200\" data-height=\"1200\" aria-label=\"\" role=\"img\" ><\/div>\n\t\t\t\t\t\t\t\t\t\t\t<div class=\"elementor-gallery-item__overlay\"><\/div>\n\t\t\t\t\t\t\t\t\t\t\t\t\t\t<\/a>\n\t\t\t\t\t\t\t<a class=\"e-gallery-item elementor-gallery-item elementor-animated-content\" href=\"https:\/\/dorabianieczesci.pl\/wp-content\/uploads\/2025\/01\/79-004-0001.png\" data-elementor-open-lightbox=\"yes\" data-elementor-lightbox-slideshow=\"0545235\" data-elementor-lightbox-title=\"79-004-0001\" data-e-action-hash=\"#elementor-action%3Aaction%3Dlightbox%26settings%3DeyJpZCI6MTQ3LCJ1cmwiOiJodHRwczpcL1wvZG9yYWJpYW5pZWN6ZXNjaS5wbFwvd3AtY29udGVudFwvdXBsb2Fkc1wvMjAyNVwvMDFcLzc5LTAwNC0wMDAxLnBuZyIsInNsaWRlc2hvdyI6IjA1NDUyMzUifQ%3D%3D\">\n\t\t\t\t\t<div class=\"e-gallery-image elementor-gallery-item__image\" data-thumbnail=\"https:\/\/dorabianieczesci.pl\/wp-content\/uploads\/2025\/01\/79-004-0001.png\" data-width=\"2400\" data-height=\"1200\" aria-label=\"\" role=\"img\" ><\/div>\n\t\t\t\t\t\t\t\t\t\t\t<div class=\"elementor-gallery-item__overlay\"><\/div>\n\t\t\t\t\t\t\t\t\t\t\t\t\t\t<\/a>\n\t\t\t\t\t<\/div>\n\t\t\t\t\t<\/div>\n\t\t\t\t<\/div>\n\t\t\t\t<\/div>\n\t\t\t\t\t<\/div>\n\t\t\t\t<\/div>\n\t\t\t\t<\/div>\n\t\t","protected":false},"excerpt":{"rendered":"","protected":false},"author":1,"featured_media":0,"parent":0,"menu_order":0,"comment_status":"closed","ping_status":"closed","template":"","meta":{"inline_featured_image":false,"footnotes":""},"class_list":["post-1185","page","type-page","status-publish","hentry"],"yoast_head":"<!-- This site is optimized with the Yoast SEO plugin v27.4 - https:\/\/yoast.com\/product\/yoast-seo-wordpress\/ -->\n<title>Laser cutting - Dorabianie Cz\u0119\u015bci<\/title>\n<meta name=\"robots\" content=\"index, follow, max-snippet:-1, max-image-preview:large, max-video-preview:-1\" \/>\n<link rel=\"canonical\" href=\"https:\/\/dorabianieczesci.pl\/index.php\/en\/laser-cutting\/\" \/>\n<meta property=\"og:locale\" content=\"pl_PL\" \/>\n<meta property=\"og:type\" content=\"article\" \/>\n<meta property=\"og:title\" content=\"Laser cutting - Dorabianie Cz\u0119\u015bci\" \/>\n<meta property=\"og:url\" content=\"https:\/\/dorabianieczesci.pl\/index.php\/en\/laser-cutting\/\" \/>\n<meta property=\"og:site_name\" content=\"Dorabianie Cz\u0119\u015bci\" \/>\n<meta property=\"article:modified_time\" content=\"2025-03-05T11:13:40+00:00\" \/>\n<meta name=\"twitter:card\" content=\"summary_large_image\" \/>\n<script type=\"application\/ld+json\" class=\"yoast-schema-graph\">{\"@context\":\"https:\\\/\\\/schema.org\",\"@graph\":[{\"@type\":\"WebPage\",\"@id\":\"https:\\\/\\\/dorabianieczesci.pl\\\/index.php\\\/en\\\/laser-cutting\\\/\",\"url\":\"https:\\\/\\\/dorabianieczesci.pl\\\/index.php\\\/en\\\/laser-cutting\\\/\",\"name\":\"Laser cutting - Dorabianie Cz\u0119\u015bci\",\"isPartOf\":{\"@id\":\"https:\\\/\\\/dorabianieczesci.pl\\\/#website\"},\"datePublished\":\"2025-03-05T11:13:39+00:00\",\"dateModified\":\"2025-03-05T11:13:40+00:00\",\"breadcrumb\":{\"@id\":\"https:\\\/\\\/dorabianieczesci.pl\\\/index.php\\\/en\\\/laser-cutting\\\/#breadcrumb\"},\"inLanguage\":\"pl-PL\",\"potentialAction\":[{\"@type\":\"ReadAction\",\"target\":[\"https:\\\/\\\/dorabianieczesci.pl\\\/index.php\\\/en\\\/laser-cutting\\\/\"]}]},{\"@type\":\"BreadcrumbList\",\"@id\":\"https:\\\/\\\/dorabianieczesci.pl\\\/index.php\\\/en\\\/laser-cutting\\\/#breadcrumb\",\"itemListElement\":[{\"@type\":\"ListItem\",\"position\":1,\"name\":\"Strona g\u0142\u00f3wna\",\"item\":\"https:\\\/\\\/dorabianieczesci.pl\\\/\"},{\"@type\":\"ListItem\",\"position\":2,\"name\":\"Laser cutting\"}]},{\"@type\":\"WebSite\",\"@id\":\"https:\\\/\\\/dorabianieczesci.pl\\\/#website\",\"url\":\"https:\\\/\\\/dorabianieczesci.pl\\\/\",\"name\":\"Dorabianie Cz\u0119\u015bci\",\"description\":\"In\u017cynieria mechaniczna, Druk 3D, Dorabianie cz\u0119\u015bci\",\"publisher\":{\"@id\":\"https:\\\/\\\/dorabianieczesci.pl\\\/#organization\"},\"potentialAction\":[{\"@type\":\"SearchAction\",\"target\":{\"@type\":\"EntryPoint\",\"urlTemplate\":\"https:\\\/\\\/dorabianieczesci.pl\\\/?s={search_term_string}\"},\"query-input\":{\"@type\":\"PropertyValueSpecification\",\"valueRequired\":true,\"valueName\":\"search_term_string\"}}],\"inLanguage\":\"pl-PL\"},{\"@type\":\"Organization\",\"@id\":\"https:\\\/\\\/dorabianieczesci.pl\\\/#organization\",\"name\":\"Dorabianie Cz\u0119\u015bci\",\"url\":\"https:\\\/\\\/dorabianieczesci.pl\\\/\",\"logo\":{\"@type\":\"ImageObject\",\"inLanguage\":\"pl-PL\",\"@id\":\"https:\\\/\\\/dorabianieczesci.pl\\\/#\\\/schema\\\/logo\\\/image\\\/\",\"url\":\"https:\\\/\\\/dorabianieczesci.pl\\\/wp-content\\\/uploads\\\/2025\\\/01\\\/dorabianieczesci.pl-1-\u2014-kopia.png\",\"contentUrl\":\"https:\\\/\\\/dorabianieczesci.pl\\\/wp-content\\\/uploads\\\/2025\\\/01\\\/dorabianieczesci.pl-1-\u2014-kopia.png\",\"width\":763,\"height\":763,\"caption\":\"Dorabianie Cz\u0119\u015bci\"},\"image\":{\"@id\":\"https:\\\/\\\/dorabianieczesci.pl\\\/#\\\/schema\\\/logo\\\/image\\\/\"}}]}<\/script>\n<!-- \/ Yoast SEO plugin. -->","yoast_head_json":{"title":"Laser cutting - Dorabianie Cz\u0119\u015bci","robots":{"index":"index","follow":"follow","max-snippet":"max-snippet:-1","max-image-preview":"max-image-preview:large","max-video-preview":"max-video-preview:-1"},"canonical":"https:\/\/dorabianieczesci.pl\/index.php\/en\/laser-cutting\/","og_locale":"pl_PL","og_type":"article","og_title":"Laser cutting - Dorabianie Cz\u0119\u015bci","og_url":"https:\/\/dorabianieczesci.pl\/index.php\/en\/laser-cutting\/","og_site_name":"Dorabianie Cz\u0119\u015bci","article_modified_time":"2025-03-05T11:13:40+00:00","twitter_card":"summary_large_image","schema":{"@context":"https:\/\/schema.org","@graph":[{"@type":"WebPage","@id":"https:\/\/dorabianieczesci.pl\/index.php\/en\/laser-cutting\/","url":"https:\/\/dorabianieczesci.pl\/index.php\/en\/laser-cutting\/","name":"Laser cutting - Dorabianie Cz\u0119\u015bci","isPartOf":{"@id":"https:\/\/dorabianieczesci.pl\/#website"},"datePublished":"2025-03-05T11:13:39+00:00","dateModified":"2025-03-05T11:13:40+00:00","breadcrumb":{"@id":"https:\/\/dorabianieczesci.pl\/index.php\/en\/laser-cutting\/#breadcrumb"},"inLanguage":"pl-PL","potentialAction":[{"@type":"ReadAction","target":["https:\/\/dorabianieczesci.pl\/index.php\/en\/laser-cutting\/"]}]},{"@type":"BreadcrumbList","@id":"https:\/\/dorabianieczesci.pl\/index.php\/en\/laser-cutting\/#breadcrumb","itemListElement":[{"@type":"ListItem","position":1,"name":"Strona g\u0142\u00f3wna","item":"https:\/\/dorabianieczesci.pl\/"},{"@type":"ListItem","position":2,"name":"Laser cutting"}]},{"@type":"WebSite","@id":"https:\/\/dorabianieczesci.pl\/#website","url":"https:\/\/dorabianieczesci.pl\/","name":"Dorabianie Cz\u0119\u015bci","description":"In\u017cynieria mechaniczna, Druk 3D, Dorabianie cz\u0119\u015bci","publisher":{"@id":"https:\/\/dorabianieczesci.pl\/#organization"},"potentialAction":[{"@type":"SearchAction","target":{"@type":"EntryPoint","urlTemplate":"https:\/\/dorabianieczesci.pl\/?s={search_term_string}"},"query-input":{"@type":"PropertyValueSpecification","valueRequired":true,"valueName":"search_term_string"}}],"inLanguage":"pl-PL"},{"@type":"Organization","@id":"https:\/\/dorabianieczesci.pl\/#organization","name":"Dorabianie Cz\u0119\u015bci","url":"https:\/\/dorabianieczesci.pl\/","logo":{"@type":"ImageObject","inLanguage":"pl-PL","@id":"https:\/\/dorabianieczesci.pl\/#\/schema\/logo\/image\/","url":"https:\/\/dorabianieczesci.pl\/wp-content\/uploads\/2025\/01\/dorabianieczesci.pl-1-\u2014-kopia.png","contentUrl":"https:\/\/dorabianieczesci.pl\/wp-content\/uploads\/2025\/01\/dorabianieczesci.pl-1-\u2014-kopia.png","width":763,"height":763,"caption":"Dorabianie Cz\u0119\u015bci"},"image":{"@id":"https:\/\/dorabianieczesci.pl\/#\/schema\/logo\/image\/"}}]}},"_links":{"self":[{"href":"https:\/\/dorabianieczesci.pl\/index.php\/wp-json\/wp\/v2\/pages\/1185","targetHints":{"allow":["GET"]}}],"collection":[{"href":"https:\/\/dorabianieczesci.pl\/index.php\/wp-json\/wp\/v2\/pages"}],"about":[{"href":"https:\/\/dorabianieczesci.pl\/index.php\/wp-json\/wp\/v2\/types\/page"}],"author":[{"embeddable":true,"href":"https:\/\/dorabianieczesci.pl\/index.php\/wp-json\/wp\/v2\/users\/1"}],"replies":[{"embeddable":true,"href":"https:\/\/dorabianieczesci.pl\/index.php\/wp-json\/wp\/v2\/comments?post=1185"}],"version-history":[{"count":1,"href":"https:\/\/dorabianieczesci.pl\/index.php\/wp-json\/wp\/v2\/pages\/1185\/revisions"}],"predecessor-version":[{"id":1187,"href":"https:\/\/dorabianieczesci.pl\/index.php\/wp-json\/wp\/v2\/pages\/1185\/revisions\/1187"}],"wp:attachment":[{"href":"https:\/\/dorabianieczesci.pl\/index.php\/wp-json\/wp\/v2\/media?parent=1185"}],"curies":[{"name":"wp","href":"https:\/\/api.w.org\/{rel}","templated":true}]}}