{"id":1184,"date":"2025-03-05T12:13:22","date_gmt":"2025-03-05T11:13:22","guid":{"rendered":"https:\/\/wordpress2402082.home.pl\/autoinstalator\/wordpressplus3\/?page_id=1184"},"modified":"2025-03-05T12:13:23","modified_gmt":"2025-03-05T11:13:23","slug":"engineering-services","status":"publish","type":"page","link":"https:\/\/dorabianieczesci.pl\/index.php\/en\/engineering-services\/","title":{"rendered":"Engineering services"},"content":{"rendered":"\t\t<div data-elementor-type=\"wp-page\" data-elementor-id=\"1184\" class=\"elementor elementor-1184\" data-elementor-post-type=\"page\">\n\t\t\t\t<div class=\"elementor-element elementor-element-55e7536 e-flex e-con-boxed e-con e-parent\" data-id=\"55e7536\" data-element_type=\"container\" data-e-type=\"container\" data-settings=\"{&quot;background_background&quot;:&quot;classic&quot;}\">\n\t\t\t\t\t<div class=\"e-con-inner\">\n\t\t<div class=\"elementor-element elementor-element-bac9435 e-con-full e-flex e-con e-child\" data-id=\"bac9435\" data-element_type=\"container\" data-e-type=\"container\">\n\t\t\t\t<div class=\"elementor-element elementor-element-dcd3da6 elementor-widget elementor-widget-heading\" data-id=\"dcd3da6\" data-element_type=\"widget\" data-e-type=\"widget\" data-widget_type=\"heading.default\">\n\t\t\t\t<div class=\"elementor-widget-container\">\n\t\t\t\t\t<h1 class=\"elementor-heading-title elementor-size-default\">US\u0141UGI IN\u017bYNIERSKIE<\/h1>\t\t\t\t<\/div>\n\t\t\t\t<\/div>\n\t\t\t\t<div class=\"elementor-element elementor-element-6a86781 elementor-widget elementor-widget-text-editor\" data-id=\"6a86781\" data-element_type=\"widget\" data-e-type=\"widget\" data-widget_type=\"text-editor.default\">\n\t\t\t\t<div class=\"elementor-widget-container\">\n\t\t\t\t\t\t\t\t\t<p>Oferujemy profesjonalne us\u0142ugi in\u017cynierskie, obejmuj\u0105ce projektowanie, analiz\u0119 i doradztwo techniczne. Specjalizujemy si\u0119 w tworzeniu modeli 3D, dokumentacji technicznej oraz optymalizacji konstrukcji pod k\u0105tem wytrzyma\u0142o\u015bci i koszt\u00f3w produkcji.<\/p><p><strong>\u25cf Projektowanie in\u017cynierskie CAD 2D\/3D<\/strong> \u2013 dok\u0142adne modele 3D i dokumentacja<br \/><strong>\u25cf Analizy wytrzyma\u0142o\u015bciowe<\/strong> \u2013 symulacje i optymalizacja konstrukcji<br \/><strong>\u25cf Doradztwo technologiczne<\/strong> \u2013 dob\u00f3r materia\u0142\u00f3w i metod produkcji<\/p><p>Gwarantujemy indywidualne podej\u015bcie do ka\u017cdego projektu oraz najwy\u017csz\u0105 jako\u015b\u0107 realizacji. Skontaktuj si\u0119 z nami i wsp\u00f3lnie znajdziemy najlepsze rozwi\u0105zanie dla Twojego projektu!<\/p>\t\t\t\t\t\t\t\t<\/div>\n\t\t\t\t<\/div>\n\t\t\t\t<\/div>\n\t\t<div class=\"elementor-element elementor-element-b8070a1 e-con-full e-flex elementor-invisible e-con e-child\" data-id=\"b8070a1\" data-element_type=\"container\" data-e-type=\"container\" data-settings=\"{&quot;animation&quot;:&quot;fadeIn&quot;}\">\n\t\t<div class=\"elementor-element elementor-element-053301a e-con-full e-flex e-con e-child\" data-id=\"053301a\" data-element_type=\"container\" data-e-type=\"container\" data-settings=\"{&quot;background_background&quot;:&quot;classic&quot;}\">\n\t\t\t\t<div class=\"elementor-element elementor-element-ec4616a elementor-widget elementor-widget-heading\" data-id=\"ec4616a\" data-element_type=\"widget\" data-e-type=\"widget\" data-widget_type=\"heading.default\">\n\t\t\t\t<div class=\"elementor-widget-container\">\n\t\t\t\t\t<h4 class=\"elementor-heading-title elementor-size-default\">Projektowanie pojedynczych element\u00f3w<\/h4>\t\t\t\t<\/div>\n\t\t\t\t<\/div>\n\t\t\t\t<div class=\"elementor-element elementor-element-664edb1 elementor-widget elementor-widget-text-editor\" data-id=\"664edb1\" data-element_type=\"widget\" data-e-type=\"widget\" data-widget_type=\"text-editor.default\">\n\t\t\t\t<div class=\"elementor-widget-container\">\n\t\t\t\t\t\t\t\t\t<p>Cz\u0119\u015bci maszyn i urz\u0105dze\u0144, elementy do druku 3D<\/p>\t\t\t\t\t\t\t\t<\/div>\n\t\t\t\t<\/div>\n\t\t\t\t<\/div>\n\t\t<div class=\"elementor-element elementor-element-cfc5808 e-con-full e-flex e-con e-child\" data-id=\"cfc5808\" data-element_type=\"container\" data-e-type=\"container\" data-settings=\"{&quot;background_background&quot;:&quot;classic&quot;}\">\n\t\t\t\t<div class=\"elementor-element elementor-element-3fcd972 elementor-widget elementor-widget-heading\" data-id=\"3fcd972\" data-element_type=\"widget\" data-e-type=\"widget\" data-widget_type=\"heading.default\">\n\t\t\t\t<div class=\"elementor-widget-container\">\n\t\t\t\t\t<h4 class=\"elementor-heading-title elementor-size-default\">Projektowanie maszyn i urz\u0105dze\u0144<\/h4>\t\t\t\t<\/div>\n\t\t\t\t<\/div>\n\t\t\t\t<div class=\"elementor-element elementor-element-fc3f661 elementor-widget elementor-widget-text-editor\" data-id=\"fc3f661\" data-element_type=\"widget\" data-e-type=\"widget\" data-widget_type=\"text-editor.default\">\n\t\t\t\t<div class=\"elementor-widget-container\">\n\t\t\t\t\t\t\t\t\t<p>Wieloelementowe urz\u0105dzenia, maszyny oraz konstrukcje<\/p>\t\t\t\t\t\t\t\t<\/div>\n\t\t\t\t<\/div>\n\t\t\t\t<\/div>\n\t\t<div class=\"elementor-element elementor-element-7263d16 e-con-full e-flex e-con e-child\" data-id=\"7263d16\" data-element_type=\"container\" data-e-type=\"container\" data-settings=\"{&quot;background_background&quot;:&quot;classic&quot;}\">\n\t\t\t\t<div class=\"elementor-element elementor-element-9bad102 elementor-widget elementor-widget-heading\" data-id=\"9bad102\" data-element_type=\"widget\" data-e-type=\"widget\" data-widget_type=\"heading.default\">\n\t\t\t\t<div class=\"elementor-widget-container\">\n\t\t\t\t\t<h4 class=\"elementor-heading-title elementor-size-default\">Projektowanie element\u00f3w blaszanych<\/h4>\t\t\t\t<\/div>\n\t\t\t\t<\/div>\n\t\t\t\t<div class=\"elementor-element elementor-element-f834542 elementor-widget elementor-widget-text-editor\" data-id=\"f834542\" data-element_type=\"widget\" data-e-type=\"widget\" data-widget_type=\"text-editor.default\">\n\t\t\t\t<div class=\"elementor-widget-container\">\n\t\t\t\t\t\t\t\t\t<p>Konstrukcje blachowe, pojedyncze blachy p\u0142askie oraz gi\u0119te, wycinane laserowo<\/p>\t\t\t\t\t\t\t\t<\/div>\n\t\t\t\t<\/div>\n\t\t\t\t<\/div>\n\t\t<div class=\"elementor-element elementor-element-6caec01 e-con-full e-flex e-con e-child\" data-id=\"6caec01\" data-element_type=\"container\" data-e-type=\"container\" data-settings=\"{&quot;background_background&quot;:&quot;classic&quot;}\">\n\t\t\t\t<div class=\"elementor-element elementor-element-fc7348d elementor-widget elementor-widget-heading\" data-id=\"fc7348d\" data-element_type=\"widget\" data-e-type=\"widget\" data-widget_type=\"heading.default\">\n\t\t\t\t<div class=\"elementor-widget-container\">\n\t\t\t\t\t<h4 class=\"elementor-heading-title elementor-size-default\">Projektowanie konstrukcji stalowych<\/h4>\t\t\t\t<\/div>\n\t\t\t\t<\/div>\n\t\t\t\t<div class=\"elementor-element elementor-element-359a2d4 elementor-widget elementor-widget-text-editor\" data-id=\"359a2d4\" data-element_type=\"widget\" data-e-type=\"widget\" data-widget_type=\"text-editor.default\">\n\t\t\t\t<div class=\"elementor-widget-container\">\n\t\t\t\t\t\t\t\t\t<p>Konstrukcje stalowe, platformy, rusztowania, du\u017ce oraz ma\u0142e elementy spawane<\/p>\t\t\t\t\t\t\t\t<\/div>\n\t\t\t\t<\/div>\n\t\t\t\t<\/div>\n\t\t<div class=\"elementor-element elementor-element-509e762 e-con-full e-flex e-con e-child\" data-id=\"509e762\" data-element_type=\"container\" data-e-type=\"container\" data-settings=\"{&quot;background_background&quot;:&quot;classic&quot;}\">\n\t\t\t\t<div class=\"elementor-element elementor-element-dee96bf elementor-widget elementor-widget-heading\" data-id=\"dee96bf\" data-element_type=\"widget\" data-e-type=\"widget\" data-widget_type=\"heading.default\">\n\t\t\t\t<div class=\"elementor-widget-container\">\n\t\t\t\t\t<h4 class=\"elementor-heading-title elementor-size-default\">Dokumentacja techniczna\n<\/h4>\t\t\t\t<\/div>\n\t\t\t\t<\/div>\n\t\t\t\t<div class=\"elementor-element elementor-element-f157c2f elementor-widget elementor-widget-text-editor\" data-id=\"f157c2f\" data-element_type=\"widget\" data-e-type=\"widget\" data-widget_type=\"text-editor.default\">\n\t\t\t\t<div class=\"elementor-widget-container\">\n\t\t\t\t\t\t\t\t\t<p>Dokumentacja 2D tworzonych projekt\u00f3w, edycja rysunk\u00f3w.<\/p>\t\t\t\t\t\t\t\t<\/div>\n\t\t\t\t<\/div>\n\t\t\t\t<\/div>\n\t\t<div class=\"elementor-element elementor-element-9d30616 e-con-full e-flex e-con e-child\" data-id=\"9d30616\" data-element_type=\"container\" data-e-type=\"container\" data-settings=\"{&quot;background_background&quot;:&quot;classic&quot;}\">\n\t\t\t\t<div class=\"elementor-element elementor-element-9670fdf elementor-widget elementor-widget-heading\" data-id=\"9670fdf\" data-element_type=\"widget\" data-e-type=\"widget\" data-widget_type=\"heading.default\">\n\t\t\t\t<div class=\"elementor-widget-container\">\n\t\t\t\t\t<h4 class=\"elementor-heading-title elementor-size-default\">Rozwi\u0105zania konstrukcyjne<\/h4>\t\t\t\t<\/div>\n\t\t\t\t<\/div>\n\t\t\t\t<div class=\"elementor-element elementor-element-3959f46 elementor-widget elementor-widget-text-editor\" data-id=\"3959f46\" data-element_type=\"widget\" data-e-type=\"widget\" data-widget_type=\"text-editor.default\">\n\t\t\t\t<div class=\"elementor-widget-container\">\n\t\t\t\t\t\t\t\t\t<p>Rozwi\u0105zywanie skomplikowanych problem\u00f3w konstrukcyjnych<\/p>\t\t\t\t\t\t\t\t<\/div>\n\t\t\t\t<\/div>\n\t\t\t\t<\/div>\n\t\t<div class=\"elementor-element elementor-element-b9d0fb4 e-con-full e-flex e-con e-child\" data-id=\"b9d0fb4\" data-element_type=\"container\" data-e-type=\"container\" data-settings=\"{&quot;background_background&quot;:&quot;classic&quot;}\">\n\t\t\t\t<div class=\"elementor-element elementor-element-3798f2f elementor-widget elementor-widget-heading\" data-id=\"3798f2f\" data-element_type=\"widget\" data-e-type=\"widget\" data-widget_type=\"heading.default\">\n\t\t\t\t<div class=\"elementor-widget-container\">\n\t\t\t\t\t<h4 class=\"elementor-heading-title elementor-size-default\">In\u017cynieria Odwrotna<\/h4>\t\t\t\t<\/div>\n\t\t\t\t<\/div>\n\t\t\t\t<div class=\"elementor-element elementor-element-3e07b36 elementor-widget elementor-widget-text-editor\" data-id=\"3e07b36\" data-element_type=\"widget\" data-e-type=\"widget\" data-widget_type=\"text-editor.default\">\n\t\t\t\t<div class=\"elementor-widget-container\">\n\t\t\t\t\t\t\t\t\t<p>Odtwarzanie element\u00f3w oraz ca\u0142ych maszyn<\/p>\t\t\t\t\t\t\t\t<\/div>\n\t\t\t\t<\/div>\n\t\t\t\t<\/div>\n\t\t<div class=\"elementor-element elementor-element-51967b0 e-con-full e-flex e-con e-child\" data-id=\"51967b0\" data-element_type=\"container\" data-e-type=\"container\" data-settings=\"{&quot;background_background&quot;:&quot;classic&quot;}\">\n\t\t\t\t<div class=\"elementor-element elementor-element-6841f56 elementor-widget elementor-widget-heading\" data-id=\"6841f56\" data-element_type=\"widget\" data-e-type=\"widget\" data-widget_type=\"heading.default\">\n\t\t\t\t<div class=\"elementor-widget-container\">\n\t\t\t\t\t<h4 class=\"elementor-heading-title elementor-size-default\">Inwentaryzacje budynk\u00f3w<\/h4>\t\t\t\t<\/div>\n\t\t\t\t<\/div>\n\t\t\t\t<div class=\"elementor-element elementor-element-9695595 elementor-widget elementor-widget-text-editor\" data-id=\"9695595\" data-element_type=\"widget\" data-e-type=\"widget\" data-widget_type=\"text-editor.default\">\n\t\t\t\t<div class=\"elementor-widget-container\">\n\t\t\t\t\t\t\t\t\t<p>Pomiary w naturze oraz aktualizacje rysunk\u00f3w technicznych budynk\u00f3w<\/p>\t\t\t\t\t\t\t\t<\/div>\n\t\t\t\t<\/div>\n\t\t\t\t<\/div>\n\t\t<div class=\"elementor-element elementor-element-8465837 e-con-full e-flex e-con e-child\" data-id=\"8465837\" data-element_type=\"container\" data-e-type=\"container\" data-settings=\"{&quot;background_background&quot;:&quot;classic&quot;}\">\n\t\t\t\t<div class=\"elementor-element elementor-element-86e43df elementor-widget elementor-widget-heading\" data-id=\"86e43df\" data-element_type=\"widget\" data-e-type=\"widget\" data-widget_type=\"heading.default\">\n\t\t\t\t<div class=\"elementor-widget-container\">\n\t\t\t\t\t<h4 class=\"elementor-heading-title elementor-size-default\">Wizualizacje<\/h4>\t\t\t\t<\/div>\n\t\t\t\t<\/div>\n\t\t\t\t<div class=\"elementor-element elementor-element-274db24 elementor-widget elementor-widget-text-editor\" data-id=\"274db24\" data-element_type=\"widget\" data-e-type=\"widget\" data-widget_type=\"text-editor.default\">\n\t\t\t\t<div class=\"elementor-widget-container\">\n\t\t\t\t\t\t\t\t\t<p>Zdj\u0119cia wysokiej jako\u015bci oraz animacje ruchome cz\u0119\u015bci i z\u0142o\u017ce\u0144<\/p>\t\t\t\t\t\t\t\t<\/div>\n\t\t\t\t<\/div>\n\t\t\t\t<\/div>\n\t\t\t\t<\/div>\n\t\t\t\t\t<\/div>\n\t\t\t\t<\/div>\n\t\t\t\t<\/div>\n\t\t","protected":false},"excerpt":{"rendered":"","protected":false},"author":1,"featured_media":0,"parent":0,"menu_order":0,"comment_status":"closed","ping_status":"closed","template":"","meta":{"inline_featured_image":false,"footnotes":""},"class_list":["post-1184","page","type-page","status-publish","hentry"],"yoast_head":"<!-- This site is optimized with the Yoast SEO plugin v27.4 - https:\/\/yoast.com\/product\/yoast-seo-wordpress\/ -->\n<title>Engineering services - Dorabianie Cz\u0119\u015bci<\/title>\n<meta name=\"robots\" content=\"index, follow, max-snippet:-1, max-image-preview:large, max-video-preview:-1\" \/>\n<link rel=\"canonical\" href=\"https:\/\/dorabianieczesci.pl\/index.php\/en\/engineering-services\/\" \/>\n<meta property=\"og:locale\" content=\"pl_PL\" \/>\n<meta property=\"og:type\" content=\"article\" \/>\n<meta property=\"og:title\" content=\"Engineering services - Dorabianie Cz\u0119\u015bci\" \/>\n<meta property=\"og:url\" content=\"https:\/\/dorabianieczesci.pl\/index.php\/en\/engineering-services\/\" \/>\n<meta property=\"og:site_name\" content=\"Dorabianie Cz\u0119\u015bci\" \/>\n<meta property=\"article:modified_time\" content=\"2025-03-05T11:13:23+00:00\" \/>\n<meta name=\"twitter:card\" content=\"summary_large_image\" \/>\n<script type=\"application\/ld+json\" class=\"yoast-schema-graph\">{\"@context\":\"https:\\\/\\\/schema.org\",\"@graph\":[{\"@type\":\"WebPage\",\"@id\":\"https:\\\/\\\/dorabianieczesci.pl\\\/index.php\\\/en\\\/engineering-services\\\/\",\"url\":\"https:\\\/\\\/dorabianieczesci.pl\\\/index.php\\\/en\\\/engineering-services\\\/\",\"name\":\"Engineering services - Dorabianie Cz\u0119\u015bci\",\"isPartOf\":{\"@id\":\"https:\\\/\\\/dorabianieczesci.pl\\\/#website\"},\"datePublished\":\"2025-03-05T11:13:22+00:00\",\"dateModified\":\"2025-03-05T11:13:23+00:00\",\"breadcrumb\":{\"@id\":\"https:\\\/\\\/dorabianieczesci.pl\\\/index.php\\\/en\\\/engineering-services\\\/#breadcrumb\"},\"inLanguage\":\"pl-PL\",\"potentialAction\":[{\"@type\":\"ReadAction\",\"target\":[\"https:\\\/\\\/dorabianieczesci.pl\\\/index.php\\\/en\\\/engineering-services\\\/\"]}]},{\"@type\":\"BreadcrumbList\",\"@id\":\"https:\\\/\\\/dorabianieczesci.pl\\\/index.php\\\/en\\\/engineering-services\\\/#breadcrumb\",\"itemListElement\":[{\"@type\":\"ListItem\",\"position\":1,\"name\":\"Strona g\u0142\u00f3wna\",\"item\":\"https:\\\/\\\/dorabianieczesci.pl\\\/\"},{\"@type\":\"ListItem\",\"position\":2,\"name\":\"Engineering services\"}]},{\"@type\":\"WebSite\",\"@id\":\"https:\\\/\\\/dorabianieczesci.pl\\\/#website\",\"url\":\"https:\\\/\\\/dorabianieczesci.pl\\\/\",\"name\":\"Dorabianie Cz\u0119\u015bci\",\"description\":\"In\u017cynieria mechaniczna, Druk 3D, Dorabianie cz\u0119\u015bci\",\"publisher\":{\"@id\":\"https:\\\/\\\/dorabianieczesci.pl\\\/#organization\"},\"potentialAction\":[{\"@type\":\"SearchAction\",\"target\":{\"@type\":\"EntryPoint\",\"urlTemplate\":\"https:\\\/\\\/dorabianieczesci.pl\\\/?s={search_term_string}\"},\"query-input\":{\"@type\":\"PropertyValueSpecification\",\"valueRequired\":true,\"valueName\":\"search_term_string\"}}],\"inLanguage\":\"pl-PL\"},{\"@type\":\"Organization\",\"@id\":\"https:\\\/\\\/dorabianieczesci.pl\\\/#organization\",\"name\":\"Dorabianie Cz\u0119\u015bci\",\"url\":\"https:\\\/\\\/dorabianieczesci.pl\\\/\",\"logo\":{\"@type\":\"ImageObject\",\"inLanguage\":\"pl-PL\",\"@id\":\"https:\\\/\\\/dorabianieczesci.pl\\\/#\\\/schema\\\/logo\\\/image\\\/\",\"url\":\"https:\\\/\\\/dorabianieczesci.pl\\\/wp-content\\\/uploads\\\/2025\\\/01\\\/dorabianieczesci.pl-1-\u2014-kopia.png\",\"contentUrl\":\"https:\\\/\\\/dorabianieczesci.pl\\\/wp-content\\\/uploads\\\/2025\\\/01\\\/dorabianieczesci.pl-1-\u2014-kopia.png\",\"width\":763,\"height\":763,\"caption\":\"Dorabianie Cz\u0119\u015bci\"},\"image\":{\"@id\":\"https:\\\/\\\/dorabianieczesci.pl\\\/#\\\/schema\\\/logo\\\/image\\\/\"}}]}<\/script>\n<!-- \/ Yoast SEO plugin. -->","yoast_head_json":{"title":"Engineering services - Dorabianie Cz\u0119\u015bci","robots":{"index":"index","follow":"follow","max-snippet":"max-snippet:-1","max-image-preview":"max-image-preview:large","max-video-preview":"max-video-preview:-1"},"canonical":"https:\/\/dorabianieczesci.pl\/index.php\/en\/engineering-services\/","og_locale":"pl_PL","og_type":"article","og_title":"Engineering services - Dorabianie Cz\u0119\u015bci","og_url":"https:\/\/dorabianieczesci.pl\/index.php\/en\/engineering-services\/","og_site_name":"Dorabianie Cz\u0119\u015bci","article_modified_time":"2025-03-05T11:13:23+00:00","twitter_card":"summary_large_image","schema":{"@context":"https:\/\/schema.org","@graph":[{"@type":"WebPage","@id":"https:\/\/dorabianieczesci.pl\/index.php\/en\/engineering-services\/","url":"https:\/\/dorabianieczesci.pl\/index.php\/en\/engineering-services\/","name":"Engineering services - Dorabianie Cz\u0119\u015bci","isPartOf":{"@id":"https:\/\/dorabianieczesci.pl\/#website"},"datePublished":"2025-03-05T11:13:22+00:00","dateModified":"2025-03-05T11:13:23+00:00","breadcrumb":{"@id":"https:\/\/dorabianieczesci.pl\/index.php\/en\/engineering-services\/#breadcrumb"},"inLanguage":"pl-PL","potentialAction":[{"@type":"ReadAction","target":["https:\/\/dorabianieczesci.pl\/index.php\/en\/engineering-services\/"]}]},{"@type":"BreadcrumbList","@id":"https:\/\/dorabianieczesci.pl\/index.php\/en\/engineering-services\/#breadcrumb","itemListElement":[{"@type":"ListItem","position":1,"name":"Strona g\u0142\u00f3wna","item":"https:\/\/dorabianieczesci.pl\/"},{"@type":"ListItem","position":2,"name":"Engineering services"}]},{"@type":"WebSite","@id":"https:\/\/dorabianieczesci.pl\/#website","url":"https:\/\/dorabianieczesci.pl\/","name":"Dorabianie Cz\u0119\u015bci","description":"In\u017cynieria mechaniczna, Druk 3D, Dorabianie cz\u0119\u015bci","publisher":{"@id":"https:\/\/dorabianieczesci.pl\/#organization"},"potentialAction":[{"@type":"SearchAction","target":{"@type":"EntryPoint","urlTemplate":"https:\/\/dorabianieczesci.pl\/?s={search_term_string}"},"query-input":{"@type":"PropertyValueSpecification","valueRequired":true,"valueName":"search_term_string"}}],"inLanguage":"pl-PL"},{"@type":"Organization","@id":"https:\/\/dorabianieczesci.pl\/#organization","name":"Dorabianie Cz\u0119\u015bci","url":"https:\/\/dorabianieczesci.pl\/","logo":{"@type":"ImageObject","inLanguage":"pl-PL","@id":"https:\/\/dorabianieczesci.pl\/#\/schema\/logo\/image\/","url":"https:\/\/dorabianieczesci.pl\/wp-content\/uploads\/2025\/01\/dorabianieczesci.pl-1-\u2014-kopia.png","contentUrl":"https:\/\/dorabianieczesci.pl\/wp-content\/uploads\/2025\/01\/dorabianieczesci.pl-1-\u2014-kopia.png","width":763,"height":763,"caption":"Dorabianie Cz\u0119\u015bci"},"image":{"@id":"https:\/\/dorabianieczesci.pl\/#\/schema\/logo\/image\/"}}]}},"_links":{"self":[{"href":"https:\/\/dorabianieczesci.pl\/index.php\/wp-json\/wp\/v2\/pages\/1184","targetHints":{"allow":["GET"]}}],"collection":[{"href":"https:\/\/dorabianieczesci.pl\/index.php\/wp-json\/wp\/v2\/pages"}],"about":[{"href":"https:\/\/dorabianieczesci.pl\/index.php\/wp-json\/wp\/v2\/types\/page"}],"author":[{"embeddable":true,"href":"https:\/\/dorabianieczesci.pl\/index.php\/wp-json\/wp\/v2\/users\/1"}],"replies":[{"embeddable":true,"href":"https:\/\/dorabianieczesci.pl\/index.php\/wp-json\/wp\/v2\/comments?post=1184"}],"version-history":[{"count":1,"href":"https:\/\/dorabianieczesci.pl\/index.php\/wp-json\/wp\/v2\/pages\/1184\/revisions"}],"predecessor-version":[{"id":1186,"href":"https:\/\/dorabianieczesci.pl\/index.php\/wp-json\/wp\/v2\/pages\/1184\/revisions\/1186"}],"wp:attachment":[{"href":"https:\/\/dorabianieczesci.pl\/index.php\/wp-json\/wp\/v2\/media?parent=1184"}],"curies":[{"name":"wp","href":"https:\/\/api.w.org\/{rel}","templated":true}]}}